{"id":5765,"date":"2020-05-07T21:14:47","date_gmt":"2020-05-07T21:14:47","guid":{"rendered":"https:\/\/wordpress-402808-2566796.cloudwaysapps.com\/de\/?page_id=5765"},"modified":"2023-03-23T15:41:33","modified_gmt":"2023-03-23T19:41:33","slug":"webinare","status":"publish","type":"page","link":"https:\/\/storeforcesolutions.com\/de\/ressourcen\/webinare\/","title":{"rendered":"Webinare"},"content":{"rendered":"\n<div class=\"wp-block-columns hero__block is-layout-flex wp-container-core-columns-is-layout-2 wp-block-columns-is-layout-flex\">\n<div class=\"wp-block-column hero__container-main is-layout-flow wp-block-column-is-layout-flow\">\n<div class=\"wp-block-columns is-layout-flex wp-container-core-columns-is-layout-1 wp-block-columns-is-layout-flex\">\n<div class=\"wp-block-column container hero__container is-layout-flow wp-block-column-is-layout-flow\">\n<div style=\"height:80px\" aria-hidden=\"true\" class=\"wp-block-spacer\"><\/div>\n\n\n\n<h2 class=\"has-text-align-center has-display-large-font-size has-whitecolor wp-block-heading\" id=\"h-on-demand-webinare\">On-Demand-Webinare<\/h2>\n\n\n\n<p class=\"has-text-align-center has-whitecolor max-880 has-body-large-font-size\">H\u00f6ren Sie unsere Erkenntnisse und Empfehlungen zum Thema Einzelhandelsperformance und Workforce Management, exklusiv f\u00fcr den Fachhandel.<\/p>\n\n\n\n<div style=\"height:80px\" aria-hidden=\"true\" class=\"wp-block-spacer\"><\/div>\n<\/div>\n<\/div>\n\n\n\n<figure class=\"wp-block-image size-full hero__image\"><img fetchpriority=\"high\" decoding=\"async\" width=\"1920\" height=\"267\" src=\"https:\/\/storeforcesolutions.com\/de\/wp-content\/uploads\/sites\/8\/2023\/03\/On-Demand-Webinars.jpg\" alt=\"\" class=\"wp-image-19283\" srcset=\"https:\/\/storeforcesolutions.com\/de\/wp-content\/uploads\/sites\/8\/2023\/03\/On-Demand-Webinars.jpg 1920w, https:\/\/storeforcesolutions.com\/de\/wp-content\/uploads\/sites\/8\/2023\/03\/On-Demand-Webinars-300x42.jpg 300w, https:\/\/storeforcesolutions.com\/de\/wp-content\/uploads\/sites\/8\/2023\/03\/On-Demand-Webinars-1024x142.jpg 1024w, https:\/\/storeforcesolutions.com\/de\/wp-content\/uploads\/sites\/8\/2023\/03\/On-Demand-Webinars-768x107.jpg 768w, https:\/\/storeforcesolutions.com\/de\/wp-content\/uploads\/sites\/8\/2023\/03\/On-Demand-Webinars-1536x214.jpg 1536w\" sizes=\"(max-width: 1920px) 100vw, 1920px\" \/><\/figure>\n<\/div>\n<\/div>\n\n\n\n<div class=\"wp-block-columns is-layout-flex wp-container-core-columns-is-layout-3 wp-block-columns-is-layout-flex\">\n<div class=\"wp-block-column container webinar_category is-layout-flow wp-block-column-is-layout-flow\">\n<div style=\"height:60px\" aria-hidden=\"true\" class=\"wp-block-spacer\"><\/div>\n\n\n\n<div class='post-grid has-3-columns mobile-landscape-has-2-columns mobile-portrait-has-1-columns'><div class='post-grid__post'><div class='post-grid__post-image'><img src=https:\/\/storeforcesolutions.com\/de\/wp-content\/uploads\/sites\/8\/2021\/10\/Events-Webinar-British-Retail-Consortium-and-PVH-Corp-Employee-of-the-future.jpg  alt='Employee of the future'  ><\/div><a href=\"https:\/\/storeforcesolutions.com\/de\/resource\/employee-of-the-future\/\" class='title-link'><h3 class='post-grid__post-item__title'>Employee of the future <\/h3><\/a><a href=\"https:\/\/storeforcesolutions.com\/de\/resource\/employee-of-the-future\/\" class=\"post-grid__post-item__link\">WEITERLESEN<\/a><\/div><div class='post-grid__post'><div class='post-grid__post-image'><img src=https:\/\/storeforcesolutions.com\/de\/wp-content\/uploads\/sites\/8\/2021\/07\/Events-Webinar-RetailWire-Rethinking-and-Redefining-the-Role-of-Physical-Stores-O.jpg  alt='Rethinking and Redefining the Role of Physical Stores'  ><\/div><a href=\"https:\/\/storeforcesolutions.com\/de\/resource\/rethinking-and-redefining-the-role-of-physical-stores\/\" class='title-link'><h3 class='post-grid__post-item__title'>Rethinking and Redefining the Role of Physical Stores <\/h3><\/a><a href=\"https:\/\/storeforcesolutions.com\/de\/resource\/rethinking-and-redefining-the-role-of-physical-stores\/\" class=\"post-grid__post-item__link\">WEITERLESEN<\/a><\/div><div class='post-grid__post'><div class='post-grid__post-image'><img src=https:\/\/storeforcesolutions.com\/de\/wp-content\/uploads\/sites\/8\/2021\/01\/Lets-Get-Phygital-Session-Event-Image-2.jpg  alt='Let&#8217;s Get Phygital: Adjusting in-store labor and performance models are key'  ><\/div><a href=\"https:\/\/storeforcesolutions.com\/de\/resource\/lets-get-phygital-adjusting-in-store-labor-and-performance-models-are-key\/\" class='title-link'><h3 class='post-grid__post-item__title'>Let&#8217;s Get Phygital: Adjusting in-store labor and performance models are key <\/h3><\/a><a href=\"https:\/\/storeforcesolutions.com\/de\/resource\/lets-get-phygital-adjusting-in-store-labor-and-performance-models-are-key\/\" class=\"post-grid__post-item__link\">WEITERLESEN<\/a><\/div><div class='post-grid__post'><div class='post-grid__post-image'><img src=https:\/\/storeforcesolutions.com\/de\/wp-content\/uploads\/sites\/8\/2020\/06\/WEBINAR-Retailers-that-are-winning-Reopening-Insights-from-Leading-Specialty-Retail-Brands.jpg  alt='Retailers that are winning! Reopening Insights from Leading Specialty Retail Brands'  ><\/div><a href=\"https:\/\/storeforcesolutions.com\/de\/resource\/store-reopening-insights-leading-specialty-retail-brands\/\" class='title-link'><h3 class='post-grid__post-item__title'>Retailers that are winning! Reopening Insights from Leading Specialty Retail Brands <\/h3><\/a><a href=\"https:\/\/storeforcesolutions.com\/de\/resource\/store-reopening-insights-leading-specialty-retail-brands\/\" class=\"post-grid__post-item__link\">WEITERLESEN<\/a><\/div><div class='post-grid__post'><div class='post-grid__post-image'><img src=https:\/\/storeforcesolutions.com\/de\/wp-content\/uploads\/sites\/8\/2020\/04\/WEBINAR-Reopening-Stores-in-the-Midst-of-COVID-19-Events-Pagejpg.jpg  alt='Reopening Stores in the Midst of COVID-19 &#8211; Recreating Our Playbook: There Are No Best Practices'  ><\/div><a href=\"https:\/\/storeforcesolutions.com\/de\/resource\/reopening-stores-covid19-recreating-playbook\/\" class='title-link'><h3 class='post-grid__post-item__title'>Reopening Stores in the Midst of COVID-19 &#8211; Recreating Our Playbook: There Are No Best Practices <\/h3><\/a><a href=\"https:\/\/storeforcesolutions.com\/de\/resource\/reopening-stores-covid19-recreating-playbook\/\" class=\"post-grid__post-item__link\">WEITERLESEN<\/a><\/div><\/div>\n\n\n\n<div style=\"height:60px\" aria-hidden=\"true\" class=\"wp-block-spacer\"><\/div>\n<\/div>\n<\/div>\n\n\n\n<div class=\"wp-block-columns mb-0 footer-cta has-background is-layout-flex wp-container-core-columns-is-layout-5 wp-block-columns-is-layout-flex\" style=\"background-color:#002f6b\">\n<div class=\"wp-block-column container is-layout-flow wp-block-column-is-layout-flow\">\n<div style=\"height:40px\" aria-hidden=\"true\" class=\"wp-block-spacer\"><\/div>\n\n\n\n<h3 class=\"has-text-align-center mb-3 has-whitecolor has-display-small-font-size has-center-alignment wp-block-heading\" id=\"h-vereinbaren-sie-noch-heute-einen-beratungstermin-mit-unseren-einzelhandelsexperten\">Vereinbaren Sie noch heute einen Beratungstermin mit unseren Einzelhandelsexperten<\/h3>\n\n\n\n<p class=\"has-text-align-center has-whitecolor\">Kontaktieren Sie uns noch heute, um in einem 15-min\u00fctigen Gespr\u00e4ch zu besprechen, wie StoreForce Sie dabei unterst\u00fctzen kann, Ihr Gesch\u00e4ft leistungsf\u00e4higer zu machen&nbsp;\u2013 und es kostet weniger als eine Transaktion pro Woche! Erfahren Sie, wie Einzelh\u00e4ndler auf der ganzen Welt ihre Leistung und das Kundenerlebnis mit unserer exklusiv f\u00fcr den Fachhandel entwickelten L\u00f6sung steigern.<a href=\"https:\/\/www.storeforcesolutions.com\/book-a-demo\/\"><\/a><\/p>\n\n\n\n<div class=\"wp-block-columns is-layout-flex wp-container-core-columns-is-layout-4 wp-block-columns-is-layout-flex\">\n<div class=\"wp-block-column container center-align-block is-layout-flow wp-block-column-is-layout-flow\">\n<div style=\"height:20px\" aria-hidden=\"true\" class=\"wp-block-spacer\"><\/div>\n\n\n\n<div class=\"wp-block-buttons is-horizontal is-content-justification-center is-layout-flex wp-container-core-buttons-is-layout-1 wp-block-buttons-is-layout-flex\">\n<div class=\"wp-block-button has-green-border-btn\"><a class=\"wp-block-button__link has-white-color has-text-color wp-element-button\" href=\"https:\/\/storeforcesolutions.com\/de\/contact-us\/\">Sprechen Sie mit uns<\/a><\/div>\n<\/div>\n<\/div>\n<\/div>\n<\/div>\n<\/div>\n","protected":false},"excerpt":{"rendered":"<p>On-Demand-Webinare H\u00f6ren Sie unsere Erkenntnisse und Empfehlungen zum Thema Einzelhandelsperformance und Workforce Management, exklusiv f\u00fcr den Fachhandel. Vereinbaren Sie noch heute einen Beratungstermin mit unseren Einzelhandelsexperten Kontaktieren Sie uns noch heute, um in einem 15-min\u00fctigen Gespr\u00e4ch zu besprechen, wie StoreForce Sie dabei unterst\u00fctzen kann, Ihr Gesch\u00e4ft leistungsf\u00e4higer zu machen&nbsp;\u2013 und es kostet weniger als eine [&hellip;]<\/p>\n","protected":false},"author":8,"featured_media":4766,"parent":3142,"menu_order":0,"comment_status":"closed","ping_status":"closed","template":"","meta":{"_acf_changed":false,"content-type":"","footnotes":""},"class_list":["post-5765","page","type-page","status-publish","has-post-thumbnail","hentry"],"acf":[],"yoast_head":"<!-- This site is optimized with the Yoast SEO plugin v26.0 - https:\/\/yoast.com\/wordpress\/plugins\/seo\/ -->\n<title>Storeforce Deutsch - Webinare<\/title>\n<meta name=\"description\" content=\"Listen to our insights and suggestions on retail performance and workforce management, exclusively for Specialty Retail.\" \/>\n<meta name=\"robots\" content=\"index, follow, max-snippet:-1, max-image-preview:large, max-video-preview:-1\" \/>\n<link rel=\"canonical\" href=\"https:\/\/storeforcesolutions.com\/de\/ressourcen\/webinare\/\" \/>\n<meta property=\"og:locale\" content=\"en_US\" \/>\n<meta property=\"og:type\" content=\"article\" \/>\n<meta property=\"og:title\" content=\"Storeforce Deutsch - Webinare\" \/>\n<meta property=\"og:description\" content=\"Listen to our insights and suggestions on retail performance and workforce management, exclusively for Specialty Retail.\" \/>\n<meta property=\"og:url\" content=\"https:\/\/storeforcesolutions.com\/de\/ressourcen\/webinare\/\" \/>\n<meta property=\"og:site_name\" content=\"Storeforce Deutsch\" \/>\n<meta property=\"article:modified_time\" content=\"2023-03-23T19:41:33+00:00\" \/>\n<meta property=\"og:image\" content=\"https:\/\/storeforcesolutions.com\/de\/wp-content\/uploads\/sites\/8\/2019\/12\/StoreForce-Homepage-Featured_v2.jpg\" \/>\n\t<meta property=\"og:image:width\" content=\"1200\" \/>\n\t<meta property=\"og:image:height\" content=\"627\" \/>\n\t<meta property=\"og:image:type\" content=\"image\/jpeg\" \/>\n<meta name=\"twitter:card\" content=\"summary_large_image\" \/>\n<meta name=\"twitter:label1\" content=\"Est. reading time\" \/>\n\t<meta name=\"twitter:data1\" content=\"1 minute\" \/>\n<script type=\"application\/ld+json\" class=\"yoast-schema-graph\">{\"@context\":\"https:\/\/schema.org\",\"@graph\":[{\"@type\":\"WebPage\",\"@id\":\"https:\/\/storeforcesolutions.com\/de\/ressourcen\/webinare\/\",\"url\":\"https:\/\/storeforcesolutions.com\/de\/ressourcen\/webinare\/\",\"name\":\"Storeforce Deutsch - Webinare\",\"isPartOf\":{\"@id\":\"https:\/\/storeforcesolutions.com\/de\/#website\"},\"primaryImageOfPage\":{\"@id\":\"https:\/\/storeforcesolutions.com\/de\/ressourcen\/webinare\/#primaryimage\"},\"image\":{\"@id\":\"https:\/\/storeforcesolutions.com\/de\/ressourcen\/webinare\/#primaryimage\"},\"thumbnailUrl\":\"https:\/\/storeforcesolutions.com\/de\/wp-content\/uploads\/sites\/8\/2019\/12\/StoreForce-Homepage-Featured_v2.jpg\",\"datePublished\":\"2020-05-07T21:14:47+00:00\",\"dateModified\":\"2023-03-23T19:41:33+00:00\",\"description\":\"Listen to our insights and suggestions on retail performance and workforce management, exclusively for Specialty Retail.\",\"breadcrumb\":{\"@id\":\"https:\/\/storeforcesolutions.com\/de\/ressourcen\/webinare\/#breadcrumb\"},\"inLanguage\":\"en-US\",\"potentialAction\":[{\"@type\":\"ReadAction\",\"target\":[\"https:\/\/storeforcesolutions.com\/de\/ressourcen\/webinare\/\"]}]},{\"@type\":\"ImageObject\",\"inLanguage\":\"en-US\",\"@id\":\"https:\/\/storeforcesolutions.com\/de\/ressourcen\/webinare\/#primaryimage\",\"url\":\"https:\/\/storeforcesolutions.com\/de\/wp-content\/uploads\/sites\/8\/2019\/12\/StoreForce-Homepage-Featured_v2.jpg\",\"contentUrl\":\"https:\/\/storeforcesolutions.com\/de\/wp-content\/uploads\/sites\/8\/2019\/12\/StoreForce-Homepage-Featured_v2.jpg\",\"width\":1200,\"height\":627,\"caption\":\"StoreForce, the Workforce Management System Built for Specialty Retail\"},{\"@type\":\"BreadcrumbList\",\"@id\":\"https:\/\/storeforcesolutions.com\/de\/ressourcen\/webinare\/#breadcrumb\",\"itemListElement\":[{\"@type\":\"ListItem\",\"position\":1,\"name\":\"Ressourcen\",\"item\":\"https:\/\/storeforcesolutions.com\/de\/ressourcen\/\"},{\"@type\":\"ListItem\",\"position\":2,\"name\":\"Webinare\"}]},{\"@type\":\"WebSite\",\"@id\":\"https:\/\/storeforcesolutions.com\/de\/#website\",\"url\":\"https:\/\/storeforcesolutions.com\/de\/\",\"name\":\"Storeforce Deutsch\",\"description\":\"\",\"publisher\":{\"@id\":\"https:\/\/storeforcesolutions.com\/de\/#organization\"},\"potentialAction\":[{\"@type\":\"SearchAction\",\"target\":{\"@type\":\"EntryPoint\",\"urlTemplate\":\"https:\/\/storeforcesolutions.com\/de\/?s={search_term_string}\"},\"query-input\":{\"@type\":\"PropertyValueSpecification\",\"valueRequired\":true,\"valueName\":\"search_term_string\"}}],\"inLanguage\":\"en-US\"},{\"@type\":\"Organization\",\"@id\":\"https:\/\/storeforcesolutions.com\/de\/#organization\",\"name\":\"Storeforce Deutsch\",\"url\":\"https:\/\/storeforcesolutions.com\/de\/\",\"logo\":{\"@type\":\"ImageObject\",\"inLanguage\":\"en-US\",\"@id\":\"https:\/\/storeforcesolutions.com\/de\/#\/schema\/logo\/image\/\",\"url\":\"https:\/\/storeforcesolutions.com\/de\/wp-content\/uploads\/sites\/8\/2022\/05\/i-storeceforce-icon.svg\",\"contentUrl\":\"https:\/\/storeforcesolutions.com\/de\/wp-content\/uploads\/sites\/8\/2022\/05\/i-storeceforce-icon.svg\",\"width\":225,\"height\":58,\"caption\":\"Storeforce Deutsch\"},\"image\":{\"@id\":\"https:\/\/storeforcesolutions.com\/de\/#\/schema\/logo\/image\/\"}}]}<\/script>\n<!-- \/ Yoast SEO plugin. -->","yoast_head_json":{"title":"Storeforce Deutsch - Webinare","description":"Listen to our insights and suggestions on retail performance and workforce management, exclusively for Specialty Retail.","robots":{"index":"index","follow":"follow","max-snippet":"max-snippet:-1","max-image-preview":"max-image-preview:large","max-video-preview":"max-video-preview:-1"},"canonical":"https:\/\/storeforcesolutions.com\/de\/ressourcen\/webinare\/","og_locale":"en_US","og_type":"article","og_title":"Storeforce Deutsch - Webinare","og_description":"Listen to our insights and suggestions on retail performance and workforce management, exclusively for Specialty Retail.","og_url":"https:\/\/storeforcesolutions.com\/de\/ressourcen\/webinare\/","og_site_name":"Storeforce Deutsch","article_modified_time":"2023-03-23T19:41:33+00:00","og_image":[{"width":1200,"height":627,"url":"https:\/\/storeforcesolutions.com\/de\/wp-content\/uploads\/sites\/8\/2019\/12\/StoreForce-Homepage-Featured_v2.jpg","type":"image\/jpeg"}],"twitter_card":"summary_large_image","twitter_misc":{"Est. reading time":"1 minute"},"schema":{"@context":"https:\/\/schema.org","@graph":[{"@type":"WebPage","@id":"https:\/\/storeforcesolutions.com\/de\/ressourcen\/webinare\/","url":"https:\/\/storeforcesolutions.com\/de\/ressourcen\/webinare\/","name":"Storeforce Deutsch - Webinare","isPartOf":{"@id":"https:\/\/storeforcesolutions.com\/de\/#website"},"primaryImageOfPage":{"@id":"https:\/\/storeforcesolutions.com\/de\/ressourcen\/webinare\/#primaryimage"},"image":{"@id":"https:\/\/storeforcesolutions.com\/de\/ressourcen\/webinare\/#primaryimage"},"thumbnailUrl":"https:\/\/storeforcesolutions.com\/de\/wp-content\/uploads\/sites\/8\/2019\/12\/StoreForce-Homepage-Featured_v2.jpg","datePublished":"2020-05-07T21:14:47+00:00","dateModified":"2023-03-23T19:41:33+00:00","description":"Listen to our insights and suggestions on retail performance and workforce management, exclusively for Specialty Retail.","breadcrumb":{"@id":"https:\/\/storeforcesolutions.com\/de\/ressourcen\/webinare\/#breadcrumb"},"inLanguage":"en-US","potentialAction":[{"@type":"ReadAction","target":["https:\/\/storeforcesolutions.com\/de\/ressourcen\/webinare\/"]}]},{"@type":"ImageObject","inLanguage":"en-US","@id":"https:\/\/storeforcesolutions.com\/de\/ressourcen\/webinare\/#primaryimage","url":"https:\/\/storeforcesolutions.com\/de\/wp-content\/uploads\/sites\/8\/2019\/12\/StoreForce-Homepage-Featured_v2.jpg","contentUrl":"https:\/\/storeforcesolutions.com\/de\/wp-content\/uploads\/sites\/8\/2019\/12\/StoreForce-Homepage-Featured_v2.jpg","width":1200,"height":627,"caption":"StoreForce, the Workforce Management System Built for Specialty Retail"},{"@type":"BreadcrumbList","@id":"https:\/\/storeforcesolutions.com\/de\/ressourcen\/webinare\/#breadcrumb","itemListElement":[{"@type":"ListItem","position":1,"name":"Ressourcen","item":"https:\/\/storeforcesolutions.com\/de\/ressourcen\/"},{"@type":"ListItem","position":2,"name":"Webinare"}]},{"@type":"WebSite","@id":"https:\/\/storeforcesolutions.com\/de\/#website","url":"https:\/\/storeforcesolutions.com\/de\/","name":"Storeforce Deutsch","description":"","publisher":{"@id":"https:\/\/storeforcesolutions.com\/de\/#organization"},"potentialAction":[{"@type":"SearchAction","target":{"@type":"EntryPoint","urlTemplate":"https:\/\/storeforcesolutions.com\/de\/?s={search_term_string}"},"query-input":{"@type":"PropertyValueSpecification","valueRequired":true,"valueName":"search_term_string"}}],"inLanguage":"en-US"},{"@type":"Organization","@id":"https:\/\/storeforcesolutions.com\/de\/#organization","name":"Storeforce Deutsch","url":"https:\/\/storeforcesolutions.com\/de\/","logo":{"@type":"ImageObject","inLanguage":"en-US","@id":"https:\/\/storeforcesolutions.com\/de\/#\/schema\/logo\/image\/","url":"https:\/\/storeforcesolutions.com\/de\/wp-content\/uploads\/sites\/8\/2022\/05\/i-storeceforce-icon.svg","contentUrl":"https:\/\/storeforcesolutions.com\/de\/wp-content\/uploads\/sites\/8\/2022\/05\/i-storeceforce-icon.svg","width":225,"height":58,"caption":"Storeforce Deutsch"},"image":{"@id":"https:\/\/storeforcesolutions.com\/de\/#\/schema\/logo\/image\/"}}]}},"_links":{"self":[{"href":"https:\/\/storeforcesolutions.com\/de\/wp-json\/wp\/v2\/pages\/5765","targetHints":{"allow":["GET"]}}],"collection":[{"href":"https:\/\/storeforcesolutions.com\/de\/wp-json\/wp\/v2\/pages"}],"about":[{"href":"https:\/\/storeforcesolutions.com\/de\/wp-json\/wp\/v2\/types\/page"}],"author":[{"embeddable":true,"href":"https:\/\/storeforcesolutions.com\/de\/wp-json\/wp\/v2\/users\/8"}],"replies":[{"embeddable":true,"href":"https:\/\/storeforcesolutions.com\/de\/wp-json\/wp\/v2\/comments?post=5765"}],"version-history":[{"count":2,"href":"https:\/\/storeforcesolutions.com\/de\/wp-json\/wp\/v2\/pages\/5765\/revisions"}],"predecessor-version":[{"id":19306,"href":"https:\/\/storeforcesolutions.com\/de\/wp-json\/wp\/v2\/pages\/5765\/revisions\/19306"}],"up":[{"embeddable":true,"href":"https:\/\/storeforcesolutions.com\/de\/wp-json\/wp\/v2\/pages\/3142"}],"wp:featuredmedia":[{"embeddable":true,"href":"https:\/\/storeforcesolutions.com\/de\/wp-json\/wp\/v2\/media\/4766"}],"wp:attachment":[{"href":"https:\/\/storeforcesolutions.com\/de\/wp-json\/wp\/v2\/media?parent=5765"}],"curies":[{"name":"wp","href":"https:\/\/api.w.org\/{rel}","templated":true}]}}