{"id":3428,"date":"2019-07-31T20:39:44","date_gmt":"2019-07-31T20:39:44","guid":{"rendered":"https:\/\/wordpress-402808-2566796.cloudwaysapps.com\/de\/?page_id=3428"},"modified":"2023-03-23T15:40:41","modified_gmt":"2023-03-23T19:40:41","slug":"fallstudien","status":"publish","type":"page","link":"https:\/\/storeforcesolutions.com\/de\/ressourcen\/fallstudien\/","title":{"rendered":"Fallstudien"},"content":{"rendered":"\n<div class=\"wp-block-columns hero__block is-layout-flex wp-container-core-columns-is-layout-2 wp-block-columns-is-layout-flex\">\n<div class=\"wp-block-column hero__container-main is-layout-flow wp-block-column-is-layout-flow\">\n<div class=\"wp-block-columns is-layout-flex wp-container-core-columns-is-layout-1 wp-block-columns-is-layout-flex\">\n<div class=\"wp-block-column container hero__container is-layout-flow wp-block-column-is-layout-flow\">\n<div style=\"height:80px\" aria-hidden=\"true\" class=\"wp-block-spacer\"><\/div>\n\n\n\n<h2 class=\"has-text-align-center has-display-large-font-size has-whitecolor wp-block-heading\" id=\"h-fallstudien\">Fallstudien<\/h2>\n\n\n\n<p class=\"has-text-align-center has-whitecolor max-880 has-body-large-font-size\">StoreForce ist ein unverzichtbares Tool f\u00fcr die Verwaltung von Einzelhandelsgesch\u00e4ften. Finden Sie heraus, wie unsere Kunden WFM+ einsetzen, um den Umsatz in ihren Gesch\u00e4ften innerhalb weniger Wochen zu steigern..<\/p>\n\n\n\n<div style=\"height:80px\" aria-hidden=\"true\" class=\"wp-block-spacer\"><\/div>\n<\/div>\n<\/div>\n\n\n\n<figure class=\"wp-block-image size-full hero__image\"><img fetchpriority=\"high\" decoding=\"async\" width=\"1920\" height=\"267\" src=\"https:\/\/storeforcesolutions.com\/de\/wp-content\/uploads\/sites\/8\/2023\/03\/Case-Studies-page.jpg\" alt=\"\" class=\"wp-image-19273\" srcset=\"https:\/\/storeforcesolutions.com\/de\/wp-content\/uploads\/sites\/8\/2023\/03\/Case-Studies-page.jpg 1920w, https:\/\/storeforcesolutions.com\/de\/wp-content\/uploads\/sites\/8\/2023\/03\/Case-Studies-page-300x42.jpg 300w, https:\/\/storeforcesolutions.com\/de\/wp-content\/uploads\/sites\/8\/2023\/03\/Case-Studies-page-1024x142.jpg 1024w, https:\/\/storeforcesolutions.com\/de\/wp-content\/uploads\/sites\/8\/2023\/03\/Case-Studies-page-768x107.jpg 768w, https:\/\/storeforcesolutions.com\/de\/wp-content\/uploads\/sites\/8\/2023\/03\/Case-Studies-page-1536x214.jpg 1536w\" sizes=\"(max-width: 1920px) 100vw, 1920px\" \/><\/figure>\n<\/div>\n<\/div>\n\n\n\n<div class=\"wp-block-columns is-layout-flex wp-container-core-columns-is-layout-3 wp-block-columns-is-layout-flex\">\n<div class=\"wp-block-column container is-layout-flow wp-block-column-is-layout-flow\">\n<div style=\"height:60px\" aria-hidden=\"true\" class=\"wp-block-spacer\"><\/div>\n\n\n\n<div class='post-grid has-3-columns mobile-landscape-has-2-columns mobile-portrait-has-1-columns'><div class='post-grid__post'><div class='post-grid__post-image'><img src=https:\/\/storeforcesolutions.com\/de\/wp-content\/uploads\/sites\/8\/2023\/10\/MicrosoftTeams-image-251-scaled-1-300x200.jpg  alt='How StoreForce&#8217;s Central Task Management Benefits ASICS NA&#8217;s Four Areas of Retail'  ><\/div><a href=\"https:\/\/storeforcesolutions.com\/de\/resource\/how-storeforces-central-task-management-benefits-asics-nas-four-areas-of-retail\/\" class='title-link'><h3 class='post-grid__post-item__title'>How StoreForce&#8217;s Central Task Management Benefits ASICS NA&#8217;s Four Areas of Retail <\/h3><\/a><a href=\"https:\/\/storeforcesolutions.com\/de\/resource\/how-storeforces-central-task-management-benefits-asics-nas-four-areas-of-retail\/\" class=\"post-grid__post-item__link\">WEITERLESEN<\/a><\/div><div class='post-grid__post'><div class='post-grid__post-image'><img src=https:\/\/storeforcesolutions.com\/de\/wp-content\/uploads\/sites\/8\/2023\/08\/Tom-Tailor-StoreForce-scaled-1-300x171.jpg  alt='Tom Tailor und StoreForce &#8211; Wachstum durch ein chancenorientiertes System'  ><\/div><a href=\"https:\/\/storeforcesolutions.com\/de\/resource\/tom-tailor-und-storeforce-wachstum-durch-ein-chancenorientiertes-system\/\" class='title-link'><h3 class='post-grid__post-item__title'>Tom Tailor und StoreForce &#8211; Wachstum durch ein chancenorientiertes System <\/h3><\/a><a href=\"https:\/\/storeforcesolutions.com\/de\/resource\/tom-tailor-und-storeforce-wachstum-durch-ein-chancenorientiertes-system\/\" class=\"post-grid__post-item__link\">WEITERLESEN<\/a><\/div><div class='post-grid__post'><div class='post-grid__post-image'><img src=https:\/\/storeforcesolutions.com\/de\/wp-content\/uploads\/sites\/8\/2023\/06\/Dr.-martens-300x200.jpg  alt='Dr. Martens &#8211; Credibility, Consistency, and Improving Performance with StoreForce'  ><\/div><a href=\"https:\/\/storeforcesolutions.com\/de\/resource\/dr-martens-credibility-consistency-and-improving-performance-with-storeforce\/\" class='title-link'><h3 class='post-grid__post-item__title'>Dr. Martens &#8211; Credibility, Consistency, and Improving Performance with StoreForce <\/h3><\/a><a href=\"https:\/\/storeforcesolutions.com\/de\/resource\/dr-martens-credibility-consistency-and-improving-performance-with-storeforce\/\" class=\"post-grid__post-item__link\">WEITERLESEN<\/a><\/div><div class='post-grid__post'><div class='post-grid__post-image'><img src=https:\/\/storeforcesolutions.com\/de\/wp-content\/uploads\/sites\/8\/2023\/05\/4-300x215.jpg  alt='A Game Changer for Sizeer&#8217;s Global Store Management'  ><\/div><a href=\"https:\/\/storeforcesolutions.com\/de\/resource\/a-game-changer-for-global-store-management\/\" class='title-link'><h3 class='post-grid__post-item__title'>A Game Changer for Sizeer&#8217;s Global Store Management <\/h3><\/a><a href=\"https:\/\/storeforcesolutions.com\/de\/resource\/a-game-changer-for-global-store-management\/\" class=\"post-grid__post-item__link\">WEITERLESEN<\/a><\/div><div class='post-grid__post'><div class='post-grid__post-image'><img src=https:\/\/storeforcesolutions.com\/de\/wp-content\/uploads\/sites\/8\/2023\/05\/Tom-Tailor-StoreForce-300x171.jpg  alt='Tom Tailor and StoreForce &#8211; Driving Growth Through An Opportunity-Driven System'  ><\/div><a href=\"https:\/\/storeforcesolutions.com\/de\/resource\/tom-tailor-and-storeforce-driving-growth-through-an-opportunity-driven-system\/\" class='title-link'><h3 class='post-grid__post-item__title'>Tom Tailor and StoreForce &#8211; Driving Growth Through An Opportunity-Driven System <\/h3><\/a><a href=\"https:\/\/storeforcesolutions.com\/de\/resource\/tom-tailor-and-storeforce-driving-growth-through-an-opportunity-driven-system\/\" class=\"post-grid__post-item__link\">WEITERLESEN<\/a><\/div><div class='post-grid__post'><div class='post-grid__post-image'><img src=https:\/\/storeforcesolutions.com\/de\/wp-content\/uploads\/sites\/8\/2022\/08\/Lush-MENA-Store-1-300x150.jpg  alt='StoreForce Alleviates the Pressure of Workforce Management for LUSH MENA'  ><\/div><a href=\"https:\/\/storeforcesolutions.com\/de\/resource\/storeforce-alleviates-the-pressure-of-workforce-management-for-lush-mena\/\" class='title-link'><h3 class='post-grid__post-item__title'>StoreForce Alleviates the Pressure of Workforce Management for LUSH MENA <\/h3><\/a><a href=\"https:\/\/storeforcesolutions.com\/de\/resource\/storeforce-alleviates-the-pressure-of-workforce-management-for-lush-mena\/\" class=\"post-grid__post-item__link\">WEITERLESEN<\/a><\/div><div class='post-grid__post'><div class='post-grid__post-image'><img src=https:\/\/storeforcesolutions.com\/de\/wp-content\/uploads\/sites\/8\/2022\/01\/Case-Study-Reitmans-Field-Leaders-Use-StoreForce-to-Execute-Tasks-Efficiently-from-Afar-o.png  alt='Reitmans Field Leaders Use StoreForce to Connect with Their Associates, and Execute Tasks Efficiently from Afar'  ><\/div><a href=\"https:\/\/storeforcesolutions.com\/de\/resource\/reitmans-field-leaders-use-storeforce-to-connect-with-their-associates-and-execute-tasks-efficiently-from-afar-2\/\" class='title-link'><h3 class='post-grid__post-item__title'>Reitmans Field Leaders Use StoreForce to Connect with Their Associates, and Execute Tasks Efficiently from Afar <\/h3><\/a><a href=\"https:\/\/storeforcesolutions.com\/de\/resource\/reitmans-field-leaders-use-storeforce-to-connect-with-their-associates-and-execute-tasks-efficiently-from-afar-2\/\" class=\"post-grid__post-item__link\">WEITERLESEN<\/a><\/div><div class='post-grid__post'><div class='post-grid__post-image'><img src=https:\/\/storeforcesolutions.com\/de\/wp-content\/uploads\/sites\/8\/2022\/01\/Case-Study-Reitmans-Uses-StoreForce-Tools-to-Become-a-More-Omnichannel-Business-o.png  alt='Reitmans Uses StoreForce Tools to Become a More Omnichannel Business'  ><\/div><a href=\"https:\/\/storeforcesolutions.com\/de\/resource\/reitmans-uses-storeforce-tools-to-become-a-more-omnichannel-business\/\" class='title-link'><h3 class='post-grid__post-item__title'>Reitmans Uses StoreForce Tools to Become a More Omnichannel Business <\/h3><\/a><a href=\"https:\/\/storeforcesolutions.com\/de\/resource\/reitmans-uses-storeforce-tools-to-become-a-more-omnichannel-business\/\" class=\"post-grid__post-item__link\">WEITERLESEN<\/a><\/div><div class='post-grid__post'><div class='post-grid__post-image'><img src=https:\/\/storeforcesolutions.com\/de\/wp-content\/uploads\/sites\/8\/2021\/11\/Case-Study-Duluth-Trading-Company-o.jpg  alt='Duluth Trading Company Success Story'  ><\/div><a href=\"https:\/\/storeforcesolutions.com\/de\/resource\/duluth-trading-introduces-discussion-boards-improve-visibility-communication-execution\/\" class='title-link'><h3 class='post-grid__post-item__title'>Duluth Trading Company Success Story <\/h3><\/a><a href=\"https:\/\/storeforcesolutions.com\/de\/resource\/duluth-trading-introduces-discussion-boards-improve-visibility-communication-execution\/\" class=\"post-grid__post-item__link\">WEITERLESEN<\/a><\/div><div class='post-grid__post'><div class='post-grid__post-image'><img src=https:\/\/storeforcesolutions.com\/de\/wp-content\/uploads\/sites\/8\/2020\/05\/StoreForce-Client-Testimonial-Invicta-Stores-2.jpg  alt='The Partnership Behind Invicta Stores and StoreForce'  ><\/div><a href=\"https:\/\/storeforcesolutions.com\/de\/resource\/partnership-invicta-stores-and-storeforce\/\" class='title-link'><h3 class='post-grid__post-item__title'>The Partnership Behind Invicta Stores and StoreForce <\/h3><\/a><a href=\"https:\/\/storeforcesolutions.com\/de\/resource\/partnership-invicta-stores-and-storeforce\/\" class=\"post-grid__post-item__link\">WEITERLESEN<\/a><\/div><div class='post-grid__post'><div class='post-grid__post-image'><img src=https:\/\/storeforcesolutions.com\/de\/wp-content\/uploads\/sites\/8\/2019\/09\/Case-Study-ASICS-Case-Study-Payroll-Integration-with-Time-and-Attendance-Reporting_v4-1.jpg  alt='ASICS Case Study with Elisabeth Wouters'  ><\/div><a href=\"https:\/\/storeforcesolutions.com\/de\/resource\/asics-case-study-time-and-attendance-payroll-integration\/\" class='title-link'><h3 class='post-grid__post-item__title'>ASICS Case Study with Elisabeth Wouters <\/h3><\/a><a href=\"https:\/\/storeforcesolutions.com\/de\/resource\/asics-case-study-time-and-attendance-payroll-integration\/\" class=\"post-grid__post-item__link\">WEITERLESEN<\/a><\/div><div class='post-grid__post'><div class='post-grid__post-image'><img src=https:\/\/storeforcesolutions.com\/de\/wp-content\/uploads\/sites\/8\/2019\/07\/Marshall-Group_v3.jpg  alt='StoreForce is the Winning Bet at Marshall Retail Group'  ><\/div><a href=\"https:\/\/storeforcesolutions.com\/de\/resource\/marshall-retail-group-rolls-out-storeforce-scheduling-and-business-intelligence-tools\/\" class='title-link'><h3 class='post-grid__post-item__title'>StoreForce is the Winning Bet at Marshall Retail Group <\/h3><\/a><a href=\"https:\/\/storeforcesolutions.com\/de\/resource\/marshall-retail-group-rolls-out-storeforce-scheduling-and-business-intelligence-tools\/\" class=\"post-grid__post-item__link\">WEITERLESEN<\/a><\/div><\/div>\n\n\n\n<div style=\"height:60px\" aria-hidden=\"true\" class=\"wp-block-spacer\"><\/div>\n<\/div>\n<\/div>\n\n\n\n<div class=\"wp-block-columns mb-0 footer-cta has-background is-layout-flex wp-container-core-columns-is-layout-5 wp-block-columns-is-layout-flex\" style=\"background-color:#002f6b\">\n<div class=\"wp-block-column container is-layout-flow wp-block-column-is-layout-flow\">\n<div style=\"height:40px\" aria-hidden=\"true\" class=\"wp-block-spacer\"><\/div>\n\n\n\n<h3 class=\"has-text-align-center mb-3 has-whitecolor has-display-small-font-size has-center-alignment wp-block-heading\" id=\"h-vereinbaren-sie-noch-heute-einen-beratungstermin-mit-unseren-einzelhandelsexperten\">Vereinbaren Sie noch heute einen Beratungstermin mit unseren Einzelhandelsexperten<\/h3>\n\n\n\n<p class=\"has-text-align-center has-whitecolor\">Kontaktieren Sie uns noch heute, um in einem 15-min\u00fctigen Gespr\u00e4ch zu besprechen, wie StoreForce Sie dabei unterst\u00fctzen kann, Ihr Gesch\u00e4ft leistungsf\u00e4higer zu machen&nbsp;\u2013 und es kostet weniger als eine Transaktion pro Woche! Erfahren Sie, wie Einzelh\u00e4ndler auf der ganzen Welt ihre Leistung und das Kundenerlebnis mit unserer exklusiv f\u00fcr den Fachhandel entwickelten L\u00f6sung steigern.<a href=\"https:\/\/www.storeforcesolutions.com\/book-a-demo\/\"><\/a><\/p>\n\n\n\n<div class=\"wp-block-columns is-layout-flex wp-container-core-columns-is-layout-4 wp-block-columns-is-layout-flex\">\n<div class=\"wp-block-column container center-align-block is-layout-flow wp-block-column-is-layout-flow\">\n<div style=\"height:20px\" aria-hidden=\"true\" class=\"wp-block-spacer\"><\/div>\n\n\n\n<div class=\"wp-block-buttons is-horizontal is-content-justification-center is-layout-flex wp-container-core-buttons-is-layout-1 wp-block-buttons-is-layout-flex\">\n<div class=\"wp-block-button has-green-border-btn\"><a class=\"wp-block-button__link has-white-color has-text-color wp-element-button\" href=\"https:\/\/storeforcesolutions.com\/de\/contact-us\/\">Sprechen Sie mit uns<\/a><\/div>\n<\/div>\n<\/div>\n<\/div>\n<\/div>\n<\/div>\n","protected":false},"excerpt":{"rendered":"<p>Fallstudien StoreForce ist ein unverzichtbares Tool f\u00fcr die Verwaltung von Einzelhandelsgesch\u00e4ften. Finden Sie heraus, wie unsere Kunden WFM+ einsetzen, um den Umsatz in ihren Gesch\u00e4ften innerhalb weniger Wochen zu steigern.. Vereinbaren Sie noch heute einen Beratungstermin mit unseren Einzelhandelsexperten Kontaktieren Sie uns noch heute, um in einem 15-min\u00fctigen Gespr\u00e4ch zu besprechen, wie StoreForce Sie dabei [&hellip;]<\/p>\n","protected":false},"author":8,"featured_media":4766,"parent":3142,"menu_order":0,"comment_status":"closed","ping_status":"closed","template":"","meta":{"_acf_changed":false,"content-type":"","footnotes":""},"class_list":["post-3428","page","type-page","status-publish","has-post-thumbnail","hentry"],"acf":[],"yoast_head":"<!-- This site is optimized with the Yoast SEO plugin v26.0 - https:\/\/yoast.com\/wordpress\/plugins\/seo\/ -->\n<title>Storeforce Deutsch - Fallstudien<\/title>\n<meta name=\"description\" content=\"StoreForce is an essential tool in managing stores. Get to know how our clients use our WFM+ to lift retail performance and sales in weeks.\" \/>\n<meta name=\"robots\" content=\"index, follow, max-snippet:-1, max-image-preview:large, max-video-preview:-1\" \/>\n<link rel=\"canonical\" href=\"https:\/\/storeforcesolutions.com\/de\/ressourcen\/fallstudien\/\" \/>\n<meta property=\"og:locale\" content=\"en_US\" \/>\n<meta property=\"og:type\" content=\"article\" \/>\n<meta property=\"og:title\" content=\"Storeforce Deutsch - Fallstudien\" \/>\n<meta property=\"og:description\" content=\"StoreForce is an essential tool in managing stores. Get to know how our clients use our WFM+ to lift retail performance and sales in weeks.\" \/>\n<meta property=\"og:url\" content=\"https:\/\/storeforcesolutions.com\/de\/ressourcen\/fallstudien\/\" \/>\n<meta property=\"og:site_name\" content=\"Storeforce Deutsch\" \/>\n<meta property=\"article:modified_time\" content=\"2023-03-23T19:40:41+00:00\" \/>\n<meta property=\"og:image\" content=\"https:\/\/storeforcesolutions.com\/de\/wp-content\/uploads\/sites\/8\/2019\/12\/StoreForce-Homepage-Featured_v2.jpg\" \/>\n\t<meta property=\"og:image:width\" content=\"1200\" \/>\n\t<meta property=\"og:image:height\" content=\"627\" \/>\n\t<meta property=\"og:image:type\" content=\"image\/jpeg\" \/>\n<meta name=\"twitter:card\" content=\"summary_large_image\" \/>\n<meta name=\"twitter:label1\" content=\"Est. reading time\" \/>\n\t<meta name=\"twitter:data1\" content=\"1 minute\" \/>\n<script type=\"application\/ld+json\" class=\"yoast-schema-graph\">{\"@context\":\"https:\/\/schema.org\",\"@graph\":[{\"@type\":\"WebPage\",\"@id\":\"https:\/\/storeforcesolutions.com\/de\/ressourcen\/fallstudien\/\",\"url\":\"https:\/\/storeforcesolutions.com\/de\/ressourcen\/fallstudien\/\",\"name\":\"Storeforce Deutsch - Fallstudien\",\"isPartOf\":{\"@id\":\"https:\/\/storeforcesolutions.com\/de\/#website\"},\"primaryImageOfPage\":{\"@id\":\"https:\/\/storeforcesolutions.com\/de\/ressourcen\/fallstudien\/#primaryimage\"},\"image\":{\"@id\":\"https:\/\/storeforcesolutions.com\/de\/ressourcen\/fallstudien\/#primaryimage\"},\"thumbnailUrl\":\"https:\/\/storeforcesolutions.com\/de\/wp-content\/uploads\/sites\/8\/2019\/12\/StoreForce-Homepage-Featured_v2.jpg\",\"datePublished\":\"2019-07-31T20:39:44+00:00\",\"dateModified\":\"2023-03-23T19:40:41+00:00\",\"description\":\"StoreForce is an essential tool in managing stores. Get to know how our clients use our WFM+ to lift retail performance and sales in weeks.\",\"breadcrumb\":{\"@id\":\"https:\/\/storeforcesolutions.com\/de\/ressourcen\/fallstudien\/#breadcrumb\"},\"inLanguage\":\"en-US\",\"potentialAction\":[{\"@type\":\"ReadAction\",\"target\":[\"https:\/\/storeforcesolutions.com\/de\/ressourcen\/fallstudien\/\"]}]},{\"@type\":\"ImageObject\",\"inLanguage\":\"en-US\",\"@id\":\"https:\/\/storeforcesolutions.com\/de\/ressourcen\/fallstudien\/#primaryimage\",\"url\":\"https:\/\/storeforcesolutions.com\/de\/wp-content\/uploads\/sites\/8\/2019\/12\/StoreForce-Homepage-Featured_v2.jpg\",\"contentUrl\":\"https:\/\/storeforcesolutions.com\/de\/wp-content\/uploads\/sites\/8\/2019\/12\/StoreForce-Homepage-Featured_v2.jpg\",\"width\":1200,\"height\":627,\"caption\":\"StoreForce, the Workforce Management System Built for Specialty Retail\"},{\"@type\":\"BreadcrumbList\",\"@id\":\"https:\/\/storeforcesolutions.com\/de\/ressourcen\/fallstudien\/#breadcrumb\",\"itemListElement\":[{\"@type\":\"ListItem\",\"position\":1,\"name\":\"Ressourcen\",\"item\":\"https:\/\/storeforcesolutions.com\/de\/ressourcen\/\"},{\"@type\":\"ListItem\",\"position\":2,\"name\":\"Fallstudien\"}]},{\"@type\":\"WebSite\",\"@id\":\"https:\/\/storeforcesolutions.com\/de\/#website\",\"url\":\"https:\/\/storeforcesolutions.com\/de\/\",\"name\":\"Storeforce Deutsch\",\"description\":\"\",\"publisher\":{\"@id\":\"https:\/\/storeforcesolutions.com\/de\/#organization\"},\"potentialAction\":[{\"@type\":\"SearchAction\",\"target\":{\"@type\":\"EntryPoint\",\"urlTemplate\":\"https:\/\/storeforcesolutions.com\/de\/?s={search_term_string}\"},\"query-input\":{\"@type\":\"PropertyValueSpecification\",\"valueRequired\":true,\"valueName\":\"search_term_string\"}}],\"inLanguage\":\"en-US\"},{\"@type\":\"Organization\",\"@id\":\"https:\/\/storeforcesolutions.com\/de\/#organization\",\"name\":\"Storeforce Deutsch\",\"url\":\"https:\/\/storeforcesolutions.com\/de\/\",\"logo\":{\"@type\":\"ImageObject\",\"inLanguage\":\"en-US\",\"@id\":\"https:\/\/storeforcesolutions.com\/de\/#\/schema\/logo\/image\/\",\"url\":\"https:\/\/storeforcesolutions.com\/de\/wp-content\/uploads\/sites\/8\/2022\/05\/i-storeceforce-icon.svg\",\"contentUrl\":\"https:\/\/storeforcesolutions.com\/de\/wp-content\/uploads\/sites\/8\/2022\/05\/i-storeceforce-icon.svg\",\"width\":225,\"height\":58,\"caption\":\"Storeforce Deutsch\"},\"image\":{\"@id\":\"https:\/\/storeforcesolutions.com\/de\/#\/schema\/logo\/image\/\"}}]}<\/script>\n<!-- \/ Yoast SEO plugin. -->","yoast_head_json":{"title":"Storeforce Deutsch - Fallstudien","description":"StoreForce is an essential tool in managing stores. Get to know how our clients use our WFM+ to lift retail performance and sales in weeks.","robots":{"index":"index","follow":"follow","max-snippet":"max-snippet:-1","max-image-preview":"max-image-preview:large","max-video-preview":"max-video-preview:-1"},"canonical":"https:\/\/storeforcesolutions.com\/de\/ressourcen\/fallstudien\/","og_locale":"en_US","og_type":"article","og_title":"Storeforce Deutsch - Fallstudien","og_description":"StoreForce is an essential tool in managing stores. Get to know how our clients use our WFM+ to lift retail performance and sales in weeks.","og_url":"https:\/\/storeforcesolutions.com\/de\/ressourcen\/fallstudien\/","og_site_name":"Storeforce Deutsch","article_modified_time":"2023-03-23T19:40:41+00:00","og_image":[{"width":1200,"height":627,"url":"https:\/\/storeforcesolutions.com\/de\/wp-content\/uploads\/sites\/8\/2019\/12\/StoreForce-Homepage-Featured_v2.jpg","type":"image\/jpeg"}],"twitter_card":"summary_large_image","twitter_misc":{"Est. reading time":"1 minute"},"schema":{"@context":"https:\/\/schema.org","@graph":[{"@type":"WebPage","@id":"https:\/\/storeforcesolutions.com\/de\/ressourcen\/fallstudien\/","url":"https:\/\/storeforcesolutions.com\/de\/ressourcen\/fallstudien\/","name":"Storeforce Deutsch - Fallstudien","isPartOf":{"@id":"https:\/\/storeforcesolutions.com\/de\/#website"},"primaryImageOfPage":{"@id":"https:\/\/storeforcesolutions.com\/de\/ressourcen\/fallstudien\/#primaryimage"},"image":{"@id":"https:\/\/storeforcesolutions.com\/de\/ressourcen\/fallstudien\/#primaryimage"},"thumbnailUrl":"https:\/\/storeforcesolutions.com\/de\/wp-content\/uploads\/sites\/8\/2019\/12\/StoreForce-Homepage-Featured_v2.jpg","datePublished":"2019-07-31T20:39:44+00:00","dateModified":"2023-03-23T19:40:41+00:00","description":"StoreForce is an essential tool in managing stores. Get to know how our clients use our WFM+ to lift retail performance and sales in weeks.","breadcrumb":{"@id":"https:\/\/storeforcesolutions.com\/de\/ressourcen\/fallstudien\/#breadcrumb"},"inLanguage":"en-US","potentialAction":[{"@type":"ReadAction","target":["https:\/\/storeforcesolutions.com\/de\/ressourcen\/fallstudien\/"]}]},{"@type":"ImageObject","inLanguage":"en-US","@id":"https:\/\/storeforcesolutions.com\/de\/ressourcen\/fallstudien\/#primaryimage","url":"https:\/\/storeforcesolutions.com\/de\/wp-content\/uploads\/sites\/8\/2019\/12\/StoreForce-Homepage-Featured_v2.jpg","contentUrl":"https:\/\/storeforcesolutions.com\/de\/wp-content\/uploads\/sites\/8\/2019\/12\/StoreForce-Homepage-Featured_v2.jpg","width":1200,"height":627,"caption":"StoreForce, the Workforce Management System Built for Specialty Retail"},{"@type":"BreadcrumbList","@id":"https:\/\/storeforcesolutions.com\/de\/ressourcen\/fallstudien\/#breadcrumb","itemListElement":[{"@type":"ListItem","position":1,"name":"Ressourcen","item":"https:\/\/storeforcesolutions.com\/de\/ressourcen\/"},{"@type":"ListItem","position":2,"name":"Fallstudien"}]},{"@type":"WebSite","@id":"https:\/\/storeforcesolutions.com\/de\/#website","url":"https:\/\/storeforcesolutions.com\/de\/","name":"Storeforce Deutsch","description":"","publisher":{"@id":"https:\/\/storeforcesolutions.com\/de\/#organization"},"potentialAction":[{"@type":"SearchAction","target":{"@type":"EntryPoint","urlTemplate":"https:\/\/storeforcesolutions.com\/de\/?s={search_term_string}"},"query-input":{"@type":"PropertyValueSpecification","valueRequired":true,"valueName":"search_term_string"}}],"inLanguage":"en-US"},{"@type":"Organization","@id":"https:\/\/storeforcesolutions.com\/de\/#organization","name":"Storeforce Deutsch","url":"https:\/\/storeforcesolutions.com\/de\/","logo":{"@type":"ImageObject","inLanguage":"en-US","@id":"https:\/\/storeforcesolutions.com\/de\/#\/schema\/logo\/image\/","url":"https:\/\/storeforcesolutions.com\/de\/wp-content\/uploads\/sites\/8\/2022\/05\/i-storeceforce-icon.svg","contentUrl":"https:\/\/storeforcesolutions.com\/de\/wp-content\/uploads\/sites\/8\/2022\/05\/i-storeceforce-icon.svg","width":225,"height":58,"caption":"Storeforce Deutsch"},"image":{"@id":"https:\/\/storeforcesolutions.com\/de\/#\/schema\/logo\/image\/"}}]}},"_links":{"self":[{"href":"https:\/\/storeforcesolutions.com\/de\/wp-json\/wp\/v2\/pages\/3428","targetHints":{"allow":["GET"]}}],"collection":[{"href":"https:\/\/storeforcesolutions.com\/de\/wp-json\/wp\/v2\/pages"}],"about":[{"href":"https:\/\/storeforcesolutions.com\/de\/wp-json\/wp\/v2\/types\/page"}],"author":[{"embeddable":true,"href":"https:\/\/storeforcesolutions.com\/de\/wp-json\/wp\/v2\/users\/8"}],"replies":[{"embeddable":true,"href":"https:\/\/storeforcesolutions.com\/de\/wp-json\/wp\/v2\/comments?post=3428"}],"version-history":[{"count":2,"href":"https:\/\/storeforcesolutions.com\/de\/wp-json\/wp\/v2\/pages\/3428\/revisions"}],"predecessor-version":[{"id":19305,"href":"https:\/\/storeforcesolutions.com\/de\/wp-json\/wp\/v2\/pages\/3428\/revisions\/19305"}],"up":[{"embeddable":true,"href":"https:\/\/storeforcesolutions.com\/de\/wp-json\/wp\/v2\/pages\/3142"}],"wp:featuredmedia":[{"embeddable":true,"href":"https:\/\/storeforcesolutions.com\/de\/wp-json\/wp\/v2\/media\/4766"}],"wp:attachment":[{"href":"https:\/\/storeforcesolutions.com\/de\/wp-json\/wp\/v2\/media?parent=3428"}],"curies":[{"name":"wp","href":"https:\/\/api.w.org\/{rel}","templated":true}]}}