{"id":339,"date":"2019-06-13T19:45:31","date_gmt":"2019-06-13T19:45:31","guid":{"rendered":"https:\/\/wordpress-402808-2566796.cloudwaysapps.com\/de\/?page_id=339"},"modified":"2023-06-06T09:31:04","modified_gmt":"2023-06-06T13:31:04","slug":"demo-buchen","status":"publish","type":"page","link":"https:\/\/storeforcesolutions.com\/de\/demo-buchen\/","title":{"rendered":"Demo buchen"},"content":{"rendered":"\n<div class=\"wp-block-columns hero__block is-layout-flex wp-container-core-columns-is-layout-2 wp-block-columns-is-layout-flex\">\n<div class=\"wp-block-column hero__container-main is-layout-flow wp-block-column-is-layout-flow\">\n<div class=\"wp-block-columns is-layout-flex wp-container-core-columns-is-layout-1 wp-block-columns-is-layout-flex\">\n<div class=\"wp-block-column container hero__container has-whitecolor is-layout-flow wp-block-column-is-layout-flow\">\n<div style=\"height:50px\" aria-hidden=\"true\" class=\"wp-block-spacer\"><\/div>\n\n\n\n<h1 class=\"rs-heading  has-brand-white-color has-display-large-font-size has-center-alignment   \">Bef\u00e4higen Sie Ihre Teams, Online- und In-Store-Verkaufsziele zu erreichen<\/h1>\n\n\n\n<p class=\"has-text-align-center has-whitecolor\">F\u00fcllen Sie das Formular aus, um in einem 15-min\u00fctigen Gespr\u00e4ch mit einem unserer Experten zu erfahren, wie StoreForce Sie dabei unterst\u00fctzen kann, Ihr Gesch\u00e4ft leistungsf\u00e4higer zu machen&nbsp;\u2013 und es kostet weniger als eine Transaktion pro Woche!<\/p>\n\n\n\n<div style=\"height:40px\" aria-hidden=\"true\" class=\"wp-block-spacer\"><\/div>\n\n\n\n<div style=\"height:50px\" aria-hidden=\"true\" class=\"wp-block-spacer\"><\/div>\n<\/div>\n<\/div>\n\n\n\n<figure class=\"wp-block-image size-full hero__image\"><img fetchpriority=\"high\" decoding=\"async\" width=\"1920\" height=\"367\" src=\"https:\/\/storeforcesolutions.com\/de\/wp-content\/uploads\/sites\/8\/2023\/03\/Contact-Us-Web-Banner-1.jpg\" alt=\"\" class=\"wp-image-19312\" srcset=\"https:\/\/storeforcesolutions.com\/de\/wp-content\/uploads\/sites\/8\/2023\/03\/Contact-Us-Web-Banner-1.jpg 1920w, https:\/\/storeforcesolutions.com\/de\/wp-content\/uploads\/sites\/8\/2023\/03\/Contact-Us-Web-Banner-1-300x57.jpg 300w, https:\/\/storeforcesolutions.com\/de\/wp-content\/uploads\/sites\/8\/2023\/03\/Contact-Us-Web-Banner-1-1024x196.jpg 1024w, https:\/\/storeforcesolutions.com\/de\/wp-content\/uploads\/sites\/8\/2023\/03\/Contact-Us-Web-Banner-1-768x147.jpg 768w, https:\/\/storeforcesolutions.com\/de\/wp-content\/uploads\/sites\/8\/2023\/03\/Contact-Us-Web-Banner-1-1536x294.jpg 1536w\" sizes=\"(max-width: 1920px) 100vw, 1920px\" \/><\/figure>\n<\/div>\n<\/div>\n\n\n\n<div style=\"height:60px\" aria-hidden=\"true\" class=\"wp-block-spacer\"><\/div>\n\n\n\n<div class=\"wp-block-columns is-layout-flex wp-container-core-columns-is-layout-3 wp-block-columns-is-layout-flex\">\n<div class=\"wp-block-column is-layout-flow wp-block-column-is-layout-flow\" style=\"flex-basis:25%\"><\/div>\n\n\n\n<div class=\"wp-block-column p-3 p-md-5 has-background is-layout-flow wp-block-column-is-layout-flow\" style=\"background-color:#f3f4f7;flex-basis:50%\">\n<script charset=\"utf-8\" type=\"text\/javascript\" src=\"\/\/js.hsforms.net\/forms\/v2.js\"><\/script>\n<script>\n  hbspt.forms.create({\n    region: \"na1\",\n    portalId: \"5705506\",\n    formId: \"4e0aab9e-8076-4ef1-96ed-8c7929a74bfe\"\n  });\n<\/script>\n<\/div>\n\n\n\n<div class=\"wp-block-column is-layout-flow wp-block-column-is-layout-flow\" style=\"flex-basis:25%\"><\/div>\n<\/div>\n\n\n\n<div class=\"wp-block-columns is-layout-flex wp-container-core-columns-is-layout-4 wp-block-columns-is-layout-flex\">\n<div class=\"wp-block-column container is-layout-flow wp-block-column-is-layout-flow\">\n<div style=\"height:80px\" aria-hidden=\"true\" class=\"wp-block-spacer\"><\/div>\n\n\n\n<h2 class=\"has-text-align-center has-display-small-font-size pb-4 wp-block-heading\" id=\"h-namhafte-marken-vertrauen-auf-uns\">Namhafte Marken vertrauen auf uns<\/h2>\n\n\n\n<div class=\"brands\">\n    <div class=\"item\"><img decoding=\"async\" src=\"https:\/\/storeforcesolutions.com\/euro\/wp-content\/uploads\/sites\/7\/2020\/01\/Built-a-Bear-Workshop-Logo.png\" alt=\"Built-a-Bear Workshop Logo\"><\/div>\n    <div class=\"item\"><img decoding=\"async\" src=\"https:\/\/storeforcesolutions.com\/euro\/wp-content\/uploads\/sites\/7\/2019\/08\/The-Body-Shop-Logo_v2.png\" alt=\"The Body Shop Logo\"><\/div>\n    <div class=\"item\"><img decoding=\"async\" src=\"https:\/\/storeforcesolutions.com\/euro\/wp-content\/uploads\/sites\/7\/2020\/01\/The-North-Face-Logo.png\" alt=\"The North Face Logo\"><\/div>\n    <div class=\"item\"><img decoding=\"async\" src=\"https:\/\/storeforcesolutions.com\/euro\/wp-content\/uploads\/sites\/7\/2019\/08\/Tommy-Hilfiger-Logo_v2.png\" alt=\"Tommy Hilfiger Logo\"><\/div>\n    <div class=\"item\"><img decoding=\"async\" src=\"https:\/\/storeforcesolutions.com\/euro\/wp-content\/uploads\/sites\/7\/2020\/01\/Tory-Burch-Logo.png\" alt=\"Tory Burch Logo\"><\/div>\n    <div class=\"item\"><img decoding=\"async\" src=\"https:\/\/storeforcesolutions.com\/euro\/wp-content\/uploads\/sites\/7\/2020\/01\/Journeys-Logo.png\" alt=\"Journeys-Logo\"><\/div>\n    <div class=\"item\"><img decoding=\"async\" src=\"https:\/\/storeforcesolutions.com\/euro\/wp-content\/uploads\/sites\/7\/2019\/08\/Dr._Martens_Logo_v2.png\" alt=\"Dr. AirWair Martens Logo\"><\/div>\n    <div class=\"item\"><img decoding=\"async\" src=\"https:\/\/storeforcesolutions.com\/euro\/wp-content\/uploads\/sites\/7\/2019\/08\/LUSH-Logo.png\" alt=\"LUSH Logo\"><\/div>\n    <div class=\"item\"><img decoding=\"async\" src=\"https:\/\/storeforcesolutions.com\/euro\/wp-content\/uploads\/sites\/7\/2019\/08\/asics-Logo.png\" alt=\"Asics Logo\"><\/div>\n    <div class=\"item\"><img decoding=\"async\" src=\"https:\/\/storeforcesolutions.com\/euro\/wp-content\/uploads\/sites\/7\/2019\/08\/Vans-Logo.png\" alt=\"Vans Logo\"><\/div>\n    <div class=\"item\"><img decoding=\"async\" src=\"https:\/\/storeforcesolutions.com\/euro\/wp-content\/uploads\/sites\/7\/2019\/08\/Roots-Logo.png\" alt=\"Roots Logo\"><\/div>\n    <div class=\"item\"><img decoding=\"async\" src=\"https:\/\/storeforcesolutions.com\/euro\/wp-content\/uploads\/sites\/7\/2019\/08\/Jack-Jones-Logo.png\" alt=\"Jack Jones Logo\"><\/div>\n    <div class=\"item\"><img decoding=\"async\" src=\"https:\/\/storeforcesolutions.com\/euro\/wp-content\/uploads\/sites\/7\/2019\/08\/Helzberg-Diamonds-Logo-1.png\" alt=\"Helzberg Diamonds Logo\"><\/div>\n    <div class=\"item\"><img decoding=\"async\" src=\"https:\/\/storeforcesolutions.com\/euro\/wp-content\/uploads\/sites\/7\/2019\/08\/Timberland-Logo.png\" alt=\"Timberland Logo\"><\/div>\n    <div class=\"item\"><img decoding=\"async\" src=\"https:\/\/storeforcesolutions.com\/euro\/wp-content\/uploads\/sites\/7\/2019\/08\/Columbia-Sportswear-Logo.png\" alt=\"Columbia Sportswear Company Logo\"><\/div>\n    <div class=\"item\"><img decoding=\"async\" src=\"https:\/\/storeforcesolutions.com\/euro\/wp-content\/uploads\/sites\/7\/2019\/08\/RW-and-CO-logo.png\" alt=\"RW &amp; CO Logo\"><\/div>\n    <div class=\"item\"><img decoding=\"async\" src=\"https:\/\/storeforcesolutions.com\/euro\/wp-content\/uploads\/sites\/7\/2019\/08\/CALVIN-KLEIN-logo.png\" alt=\"Calvin Klein Logo\"><\/div>\n    <div class=\"item\"><img decoding=\"async\" src=\"https:\/\/storeforcesolutions.com\/euro\/wp-content\/uploads\/sites\/7\/2019\/08\/Lindt-Sprungli-logo.png\" alt=\"Lindt &amp; Sprungli Logo\"><\/div>\n    <div class=\"item\"><img decoding=\"async\" src=\"https:\/\/storeforcesolutions.com\/euro\/wp-content\/uploads\/sites\/7\/2019\/08\/Sun-Ski-Sports-logo.png\" alt=\"Sun &amp; Ski Sports Logo\"><\/div>\n    <div class=\"item\"><img decoding=\"async\" src=\"https:\/\/storeforcesolutions.com\/euro\/wp-content\/uploads\/sites\/7\/2019\/08\/Crate-Barrel-logo.png\" alt=\"Create&amp;Barrel Logo\"><\/div>\n    <div class=\"item\"><img decoding=\"async\" src=\"https:\/\/storeforcesolutions.com\/euro\/wp-content\/uploads\/sites\/7\/2019\/08\/Bravissimo-logo.png\" alt=\"Bravissimo Logo\"><\/div>\n    <div class=\"item\"><img decoding=\"async\" src=\"https:\/\/storeforcesolutions.com\/euro\/wp-content\/uploads\/sites\/7\/2019\/08\/Tip-Top-Tailors-Logo.png\" alt=\"Tip Top Tailors Logo\"><\/div>\n    <div class=\"item\"><img decoding=\"async\" src=\"https:\/\/storeforcesolutions.com\/euro\/wp-content\/uploads\/sites\/7\/2019\/08\/Vero-Moda-Logo.png\" alt=\"Vero Moda Logo\"><\/div>\n    <div class=\"item\"><img decoding=\"async\" src=\"https:\/\/storeforcesolutions.com\/euro\/wp-content\/uploads\/sites\/7\/2019\/09\/Beaver-Brook-Logo-v2.png\" alt=\"Beavervrooks Logo\"><\/div>\n    <div class=\"item\"><img decoding=\"async\" src=\"https:\/\/storeforcesolutions.com\/euro\/wp-content\/uploads\/sites\/7\/2019\/08\/Hackett-London-Logo.png\" alt=\"Hackett London Logo\"><\/div>\n    <div class=\"item\"><img decoding=\"async\" src=\"https:\/\/storeforcesolutions.com\/euro\/wp-content\/uploads\/sites\/7\/2019\/08\/penningtons-logo.png\" alt=\"Penningtons Logo\"><\/div>\n    <div class=\"item\"><img decoding=\"async\" src=\"https:\/\/storeforcesolutions.com\/euro\/wp-content\/uploads\/sites\/7\/2019\/08\/Laura-Logo.png\" alt=\"Laura Logo\"><\/div>\n    <div class=\"item\"><img decoding=\"async\" src=\"https:\/\/storeforcesolutions.com\/euro\/wp-content\/uploads\/sites\/7\/2019\/08\/Reitmans-Logo.png\" alt=\"Reitmans Logo\"><\/div>\n    <div class=\"item\"><img decoding=\"async\" src=\"https:\/\/storeforcesolutions.com\/euro\/wp-content\/uploads\/sites\/7\/2019\/08\/Mr-Big-and-Tall-Logo.png\" alt=\"Mr. Big &amp; Tall Logo\"><\/div>\n    <div class=\"item\"><img decoding=\"async\" src=\"https:\/\/storeforcesolutions.com\/euro\/wp-content\/uploads\/sites\/7\/2019\/08\/Bestseller.png\" alt=\"Bestseller Logo\"><\/div>\n    <div class=\"item\"><img decoding=\"async\" src=\"https:\/\/storeforcesolutions.com\/euro\/wp-content\/uploads\/sites\/7\/2019\/06\/MarshallRetailGroup.png\" alt=\"Marshall Retail Group Logo\"><\/div>\n    <div class=\"item\"><img decoding=\"async\" src=\"https:\/\/storeforcesolutions.com\/euro\/wp-content\/uploads\/sites\/7\/2019\/08\/The-Body-Shop-Logo_v2.png\" alt=\"The Body Shop Logo\"><\/div>\n    <div class=\"item\"><img decoding=\"async\" src=\"https:\/\/storeforcesolutions.com\/euro\/wp-content\/uploads\/sites\/7\/2019\/08\/Tommy-Hilfiger-Logo_v2.png\" alt=\"Tommy Hilfiger Logo\"><\/div>\n    <div class=\"item\"><img decoding=\"async\" src=\"https:\/\/storeforcesolutions.com\/euro\/wp-content\/uploads\/sites\/7\/2019\/08\/Dr._Martens_Logo_v2.png\" alt=\"Dr. AirWair Martens Logo\"><\/div>\n    <div class=\"item\"><img decoding=\"async\" src=\"https:\/\/storeforcesolutions.com\/euro\/wp-content\/uploads\/sites\/7\/2019\/08\/LUSH-Logo.png\" alt=\"LUSH Logo\"><\/div>\n    <div class=\"item\"><img decoding=\"async\" src=\"https:\/\/storeforcesolutions.com\/euro\/wp-content\/uploads\/sites\/7\/2019\/08\/asics-Logo.png\" alt=\"Asics Logo\"><\/div>\n    <div class=\"item\"><img decoding=\"async\" src=\"https:\/\/storeforcesolutions.com\/euro\/wp-content\/uploads\/sites\/7\/2019\/08\/Vans-Logo.png\" alt=\"Vans Logo\"><\/div>\n    <div class=\"item\"><img decoding=\"async\" src=\"https:\/\/storeforcesolutions.com\/euro\/wp-content\/uploads\/sites\/7\/2019\/08\/Roots-Logo.png\" alt=\"Roots Logo\"><\/div>\n    <div class=\"item\"><img decoding=\"async\" src=\"https:\/\/storeforcesolutions.com\/euro\/wp-content\/uploads\/sites\/7\/2019\/08\/Jack-Jones-Logo.png\" alt=\"Jack Jones Logo\"><\/div>\n    <div class=\"item\"><img decoding=\"async\" src=\"https:\/\/storeforcesolutions.com\/euro\/wp-content\/uploads\/sites\/7\/2019\/08\/Helzberg-Diamonds-Logo-1.png\" alt=\"Helzberg Diamonds Logo\"><\/div>\n    <div class=\"item\"><img decoding=\"async\" src=\"https:\/\/storeforcesolutions.com\/euro\/wp-content\/uploads\/sites\/7\/2019\/08\/Timberland-Logo.png\" alt=\"Timberland Logo\"><\/div>\n    <div class=\"item\"><img decoding=\"async\" src=\"https:\/\/storeforcesolutions.com\/euro\/wp-content\/uploads\/sites\/7\/2019\/08\/Columbia-Sportswear-Logo.png\" alt=\"Columbia Sportswear Company Logo\"><\/div>\n    <div class=\"item\"><img decoding=\"async\" src=\"https:\/\/storeforcesolutions.com\/euro\/wp-content\/uploads\/sites\/7\/2019\/08\/RW-and-CO-logo.png\" alt=\"RW &amp; CO Logo\"><\/div>\n    <div class=\"item\"><img decoding=\"async\" src=\"https:\/\/storeforcesolutions.com\/euro\/wp-content\/uploads\/sites\/7\/2019\/08\/CALVIN-KLEIN-logo.png\" alt=\"Calvin Klein Logo\"><\/div>\n    <div class=\"item\"><img decoding=\"async\" src=\"https:\/\/storeforcesolutions.com\/euro\/wp-content\/uploads\/sites\/7\/2019\/08\/Lindt-Sprungli-logo.png\" alt=\"Lindt &amp; Sprungli Logo\"><\/div>\n    <div class=\"item\"><img decoding=\"async\" src=\"https:\/\/storeforcesolutions.com\/euro\/wp-content\/uploads\/sites\/7\/2019\/08\/Sun-Ski-Sports-logo.png\" alt=\"Sun &amp; Ski Sports Logo\"><\/div>\n    <div class=\"item\"><img decoding=\"async\" src=\"https:\/\/storeforcesolutions.com\/euro\/wp-content\/uploads\/sites\/7\/2019\/08\/Crate-Barrel-logo.png\" alt=\"Create&amp;Barrel Logo\"><\/div>\n    <div class=\"item\"><img decoding=\"async\" src=\"https:\/\/storeforcesolutions.com\/euro\/wp-content\/uploads\/sites\/7\/2019\/08\/Bravissimo-logo.png\" alt=\"Bravissimo Logo\"><\/div>\n    <div class=\"item\"><img decoding=\"async\" src=\"https:\/\/storeforcesolutions.com\/euro\/wp-content\/uploads\/sites\/7\/2019\/08\/Tip-Top-Tailors-Logo.png\" alt=\"Tip Top Tailors Logo\"><\/div>\n    <div class=\"item\"><img decoding=\"async\" src=\"https:\/\/storeforcesolutions.com\/euro\/wp-content\/uploads\/sites\/7\/2019\/08\/Vero-Moda-Logo.png\" alt=\"Vero Moda Logo\"><\/div>\n    <div class=\"item\"><img decoding=\"async\" src=\"https:\/\/storeforcesolutions.com\/euro\/wp-content\/uploads\/sites\/7\/2019\/08\/Beaver-Brook-Logo.png\" alt=\"Beaver Brook Logo\"><\/div>\n    <div class=\"item\"><img decoding=\"async\" src=\"https:\/\/storeforcesolutions.com\/euro\/wp-content\/uploads\/sites\/7\/2019\/08\/penningtons-logo.png\" alt=\"Penningtons Logo\"><\/div>\n    <div class=\"item\"><img decoding=\"async\" src=\"https:\/\/storeforcesolutions.com\/euro\/wp-content\/uploads\/sites\/7\/2019\/08\/Laura-Logo.png\" alt=\"Laura Logo\"><\/div>\n    <div class=\"item\"><img decoding=\"async\" src=\"https:\/\/storeforcesolutions.com\/euro\/wp-content\/uploads\/sites\/7\/2019\/08\/Reitmans-Logo.png\" alt=\"Reitmans Logo\"><\/div>\n    <div class=\"item\"><img decoding=\"async\" src=\"https:\/\/storeforcesolutions.com\/euro\/wp-content\/uploads\/sites\/7\/2019\/08\/Mr-Big-and-Tall-Logo.png\" alt=\"Mr. Big &amp; Tall Logo\"><\/div>\n    <div class=\"item\"><img decoding=\"async\" src=\"https:\/\/storeforcesolutions.com\/euro\/wp-content\/uploads\/sites\/7\/2019\/08\/Bestseller.png\" alt=\"Bestseller Logo\"><\/div>\n    <div class=\"item\"><img decoding=\"async\" src=\"https:\/\/storeforcesolutions.com\/euro\/wp-content\/uploads\/sites\/7\/2019\/06\/MarshallRetailGroup.png\" alt=\"Marshall Retail Group Logo\"><\/div>\n    <div class=\"item\"><img decoding=\"async\" src=\"https:\/\/storeforcesolutions.com\/euro\/wp-content\/uploads\/sites\/7\/2019\/09\/Beaver-Brook-Logo-v2.png\" alt=\"Beavervrooks Logo\"><\/div>\n<\/div>\n\n\n\n<div style=\"height:80px\" aria-hidden=\"true\" class=\"wp-block-spacer\"><\/div>\n<\/div>\n<\/div>\n","protected":false},"excerpt":{"rendered":"<p>Bef\u00e4higen Sie Ihre Teams, Online- und In-Store-Verkaufsziele zu erreichen F\u00fcllen Sie das Formular aus, um in einem 15-min\u00fctigen Gespr\u00e4ch mit einem unserer Experten zu erfahren, wie StoreForce Sie dabei unterst\u00fctzen kann, Ihr Gesch\u00e4ft leistungsf\u00e4higer zu machen&nbsp;\u2013 und es kostet weniger als eine Transaktion pro Woche! Namhafte Marken vertrauen auf uns<\/p>\n","protected":false},"author":8,"featured_media":0,"parent":0,"menu_order":0,"comment_status":"closed","ping_status":"closed","template":"","meta":{"_acf_changed":false,"content-type":"","footnotes":""},"class_list":["post-339","page","type-page","status-publish","hentry"],"acf":[],"yoast_head":"<!-- This site is optimized with the Yoast SEO plugin v26.0 - https:\/\/yoast.com\/wordpress\/plugins\/seo\/ -->\n<title>Storeforce Deutsch - Demo buchen<\/title>\n<meta name=\"description\" content=\"StoreForce can help you drive store performance and execution today. Book a demo with us for a one-on-one walkthrough of our retail workforce management solution.\" \/>\n<meta name=\"robots\" content=\"index, follow, max-snippet:-1, max-image-preview:large, max-video-preview:-1\" \/>\n<link rel=\"canonical\" href=\"https:\/\/storeforcesolutions.com\/de\/demo-buchen\/\" \/>\n<meta property=\"og:locale\" content=\"en_US\" \/>\n<meta property=\"og:type\" content=\"article\" \/>\n<meta property=\"og:title\" content=\"Storeforce Deutsch - Demo buchen\" \/>\n<meta property=\"og:description\" content=\"StoreForce can help you drive store performance and execution today. Book a demo with us for a one-on-one walkthrough of our retail workforce management solution.\" \/>\n<meta property=\"og:url\" content=\"https:\/\/storeforcesolutions.com\/de\/demo-buchen\/\" \/>\n<meta property=\"og:site_name\" content=\"Storeforce Deutsch\" \/>\n<meta property=\"article:modified_time\" content=\"2023-06-06T13:31:04+00:00\" \/>\n<meta property=\"og:image\" content=\"https:\/\/storeforcesolutions.com\/de\/wp-content\/uploads\/sites\/8\/2023\/03\/Contact-Us-Web-Banner-1.jpg\" \/>\n<meta name=\"twitter:card\" content=\"summary_large_image\" \/>\n<meta name=\"twitter:label1\" content=\"Est. reading time\" \/>\n\t<meta name=\"twitter:data1\" content=\"13 minutes\" \/>\n<script type=\"application\/ld+json\" class=\"yoast-schema-graph\">{\"@context\":\"https:\/\/schema.org\",\"@graph\":[{\"@type\":\"WebPage\",\"@id\":\"https:\/\/storeforcesolutions.com\/de\/demo-buchen\/\",\"url\":\"https:\/\/storeforcesolutions.com\/de\/demo-buchen\/\",\"name\":\"Storeforce Deutsch - Demo buchen\",\"isPartOf\":{\"@id\":\"https:\/\/storeforcesolutions.com\/de\/#website\"},\"primaryImageOfPage\":{\"@id\":\"https:\/\/storeforcesolutions.com\/de\/demo-buchen\/#primaryimage\"},\"image\":{\"@id\":\"https:\/\/storeforcesolutions.com\/de\/demo-buchen\/#primaryimage\"},\"thumbnailUrl\":\"https:\/\/storeforcesolutions.com\/de\/wp-content\/uploads\/sites\/8\/2023\/03\/Contact-Us-Web-Banner-1.jpg\",\"datePublished\":\"2019-06-13T19:45:31+00:00\",\"dateModified\":\"2023-06-06T13:31:04+00:00\",\"description\":\"StoreForce can help you drive store performance and execution today. Book a demo with us for a one-on-one walkthrough of our retail workforce management solution.\",\"inLanguage\":\"en-US\",\"potentialAction\":[{\"@type\":\"ReadAction\",\"target\":[\"https:\/\/storeforcesolutions.com\/de\/demo-buchen\/\"]}]},{\"@type\":\"ImageObject\",\"inLanguage\":\"en-US\",\"@id\":\"https:\/\/storeforcesolutions.com\/de\/demo-buchen\/#primaryimage\",\"url\":\"https:\/\/storeforcesolutions.com\/de\/wp-content\/uploads\/sites\/8\/2023\/03\/Contact-Us-Web-Banner-1.jpg\",\"contentUrl\":\"https:\/\/storeforcesolutions.com\/de\/wp-content\/uploads\/sites\/8\/2023\/03\/Contact-Us-Web-Banner-1.jpg\",\"width\":1920,\"height\":367},{\"@type\":\"WebSite\",\"@id\":\"https:\/\/storeforcesolutions.com\/de\/#website\",\"url\":\"https:\/\/storeforcesolutions.com\/de\/\",\"name\":\"Storeforce Deutsch\",\"description\":\"\",\"publisher\":{\"@id\":\"https:\/\/storeforcesolutions.com\/de\/#organization\"},\"potentialAction\":[{\"@type\":\"SearchAction\",\"target\":{\"@type\":\"EntryPoint\",\"urlTemplate\":\"https:\/\/storeforcesolutions.com\/de\/?s={search_term_string}\"},\"query-input\":{\"@type\":\"PropertyValueSpecification\",\"valueRequired\":true,\"valueName\":\"search_term_string\"}}],\"inLanguage\":\"en-US\"},{\"@type\":\"Organization\",\"@id\":\"https:\/\/storeforcesolutions.com\/de\/#organization\",\"name\":\"Storeforce Deutsch\",\"url\":\"https:\/\/storeforcesolutions.com\/de\/\",\"logo\":{\"@type\":\"ImageObject\",\"inLanguage\":\"en-US\",\"@id\":\"https:\/\/storeforcesolutions.com\/de\/#\/schema\/logo\/image\/\",\"url\":\"https:\/\/storeforcesolutions.com\/de\/wp-content\/uploads\/sites\/8\/2022\/05\/i-storeceforce-icon.svg\",\"contentUrl\":\"https:\/\/storeforcesolutions.com\/de\/wp-content\/uploads\/sites\/8\/2022\/05\/i-storeceforce-icon.svg\",\"width\":225,\"height\":58,\"caption\":\"Storeforce Deutsch\"},\"image\":{\"@id\":\"https:\/\/storeforcesolutions.com\/de\/#\/schema\/logo\/image\/\"}}]}<\/script>\n<!-- \/ Yoast SEO plugin. -->","yoast_head_json":{"title":"Storeforce Deutsch - Demo buchen","description":"StoreForce can help you drive store performance and execution today. Book a demo with us for a one-on-one walkthrough of our retail workforce management solution.","robots":{"index":"index","follow":"follow","max-snippet":"max-snippet:-1","max-image-preview":"max-image-preview:large","max-video-preview":"max-video-preview:-1"},"canonical":"https:\/\/storeforcesolutions.com\/de\/demo-buchen\/","og_locale":"en_US","og_type":"article","og_title":"Storeforce Deutsch - Demo buchen","og_description":"StoreForce can help you drive store performance and execution today. Book a demo with us for a one-on-one walkthrough of our retail workforce management solution.","og_url":"https:\/\/storeforcesolutions.com\/de\/demo-buchen\/","og_site_name":"Storeforce Deutsch","article_modified_time":"2023-06-06T13:31:04+00:00","og_image":[{"url":"https:\/\/storeforcesolutions.com\/de\/wp-content\/uploads\/sites\/8\/2023\/03\/Contact-Us-Web-Banner-1.jpg","type":"","width":"","height":""}],"twitter_card":"summary_large_image","twitter_misc":{"Est. reading time":"13 minutes"},"schema":{"@context":"https:\/\/schema.org","@graph":[{"@type":"WebPage","@id":"https:\/\/storeforcesolutions.com\/de\/demo-buchen\/","url":"https:\/\/storeforcesolutions.com\/de\/demo-buchen\/","name":"Storeforce Deutsch - Demo buchen","isPartOf":{"@id":"https:\/\/storeforcesolutions.com\/de\/#website"},"primaryImageOfPage":{"@id":"https:\/\/storeforcesolutions.com\/de\/demo-buchen\/#primaryimage"},"image":{"@id":"https:\/\/storeforcesolutions.com\/de\/demo-buchen\/#primaryimage"},"thumbnailUrl":"https:\/\/storeforcesolutions.com\/de\/wp-content\/uploads\/sites\/8\/2023\/03\/Contact-Us-Web-Banner-1.jpg","datePublished":"2019-06-13T19:45:31+00:00","dateModified":"2023-06-06T13:31:04+00:00","description":"StoreForce can help you drive store performance and execution today. Book a demo with us for a one-on-one walkthrough of our retail workforce management solution.","inLanguage":"en-US","potentialAction":[{"@type":"ReadAction","target":["https:\/\/storeforcesolutions.com\/de\/demo-buchen\/"]}]},{"@type":"ImageObject","inLanguage":"en-US","@id":"https:\/\/storeforcesolutions.com\/de\/demo-buchen\/#primaryimage","url":"https:\/\/storeforcesolutions.com\/de\/wp-content\/uploads\/sites\/8\/2023\/03\/Contact-Us-Web-Banner-1.jpg","contentUrl":"https:\/\/storeforcesolutions.com\/de\/wp-content\/uploads\/sites\/8\/2023\/03\/Contact-Us-Web-Banner-1.jpg","width":1920,"height":367},{"@type":"WebSite","@id":"https:\/\/storeforcesolutions.com\/de\/#website","url":"https:\/\/storeforcesolutions.com\/de\/","name":"Storeforce Deutsch","description":"","publisher":{"@id":"https:\/\/storeforcesolutions.com\/de\/#organization"},"potentialAction":[{"@type":"SearchAction","target":{"@type":"EntryPoint","urlTemplate":"https:\/\/storeforcesolutions.com\/de\/?s={search_term_string}"},"query-input":{"@type":"PropertyValueSpecification","valueRequired":true,"valueName":"search_term_string"}}],"inLanguage":"en-US"},{"@type":"Organization","@id":"https:\/\/storeforcesolutions.com\/de\/#organization","name":"Storeforce Deutsch","url":"https:\/\/storeforcesolutions.com\/de\/","logo":{"@type":"ImageObject","inLanguage":"en-US","@id":"https:\/\/storeforcesolutions.com\/de\/#\/schema\/logo\/image\/","url":"https:\/\/storeforcesolutions.com\/de\/wp-content\/uploads\/sites\/8\/2022\/05\/i-storeceforce-icon.svg","contentUrl":"https:\/\/storeforcesolutions.com\/de\/wp-content\/uploads\/sites\/8\/2022\/05\/i-storeceforce-icon.svg","width":225,"height":58,"caption":"Storeforce Deutsch"},"image":{"@id":"https:\/\/storeforcesolutions.com\/de\/#\/schema\/logo\/image\/"}}]}},"_links":{"self":[{"href":"https:\/\/storeforcesolutions.com\/de\/wp-json\/wp\/v2\/pages\/339","targetHints":{"allow":["GET"]}}],"collection":[{"href":"https:\/\/storeforcesolutions.com\/de\/wp-json\/wp\/v2\/pages"}],"about":[{"href":"https:\/\/storeforcesolutions.com\/de\/wp-json\/wp\/v2\/types\/page"}],"author":[{"embeddable":true,"href":"https:\/\/storeforcesolutions.com\/de\/wp-json\/wp\/v2\/users\/8"}],"replies":[{"embeddable":true,"href":"https:\/\/storeforcesolutions.com\/de\/wp-json\/wp\/v2\/comments?post=339"}],"version-history":[{"count":4,"href":"https:\/\/storeforcesolutions.com\/de\/wp-json\/wp\/v2\/pages\/339\/revisions"}],"predecessor-version":[{"id":19330,"href":"https:\/\/storeforcesolutions.com\/de\/wp-json\/wp\/v2\/pages\/339\/revisions\/19330"}],"wp:attachment":[{"href":"https:\/\/storeforcesolutions.com\/de\/wp-json\/wp\/v2\/media?parent=339"}],"curies":[{"name":"wp","href":"https:\/\/api.w.org\/{rel}","templated":true}]}}