{"id":3164,"date":"2019-07-26T20:42:45","date_gmt":"2019-07-26T20:42:45","guid":{"rendered":"https:\/\/wordpress-402808-2566796.cloudwaysapps.com\/de\/?page_id=3164"},"modified":"2023-03-23T15:38:46","modified_gmt":"2023-03-23T19:38:46","slug":"presse","status":"publish","type":"page","link":"https:\/\/storeforcesolutions.com\/de\/das-unternehmen\/presse\/","title":{"rendered":"Presse"},"content":{"rendered":"\n<div class=\"wp-block-columns hero__block is-layout-flex wp-container-core-columns-is-layout-2 wp-block-columns-is-layout-flex\">\n<div class=\"wp-block-column hero__container-main is-layout-flow wp-block-column-is-layout-flow\">\n<div class=\"wp-block-columns is-layout-flex wp-container-core-columns-is-layout-1 wp-block-columns-is-layout-flex\">\n<div class=\"wp-block-column container hero__container has-whitecolor is-layout-flow wp-block-column-is-layout-flow\">\n<div style=\"height:50px\" aria-hidden=\"true\" class=\"wp-block-spacer\"><\/div>\n\n\n\n<h2 class=\"has-text-align-center has-display-large-font-size has-whitecolor wp-block-heading\" id=\"h-presse\">Presse<\/h2>\n\n\n\n<p class=\"has-text-align-center has-whitecolor has-body-large-font-size\">Find the latest coverage, presHier finden Sie die neuesten Nachrichten, Pressemitteilungen und Auszeichnungen, \u00fcber die Sie in Bezug auf StoreForce Bescheid wissen sollten. Erfahren Sie, wie sich unsere Marke auf dem Markt f\u00fcr Workforce Management im Einzelhandel behauptet.<\/p>\n\n\n\n<div style=\"height:40px\" aria-hidden=\"true\" class=\"wp-block-spacer\"><\/div>\n\n\n\n<div style=\"height:50px\" aria-hidden=\"true\" class=\"wp-block-spacer\"><\/div>\n<\/div>\n<\/div>\n\n\n\n<figure class=\"wp-block-image size-full hero__image\"><img fetchpriority=\"high\" decoding=\"async\" width=\"1920\" height=\"267\" src=\"https:\/\/storeforcesolutions.com\/de\/wp-content\/uploads\/sites\/8\/2023\/03\/Press-Page.jpg\" alt=\"\" class=\"wp-image-19287\" srcset=\"https:\/\/storeforcesolutions.com\/de\/wp-content\/uploads\/sites\/8\/2023\/03\/Press-Page.jpg 1920w, https:\/\/storeforcesolutions.com\/de\/wp-content\/uploads\/sites\/8\/2023\/03\/Press-Page-300x42.jpg 300w, https:\/\/storeforcesolutions.com\/de\/wp-content\/uploads\/sites\/8\/2023\/03\/Press-Page-1024x142.jpg 1024w, https:\/\/storeforcesolutions.com\/de\/wp-content\/uploads\/sites\/8\/2023\/03\/Press-Page-768x107.jpg 768w, https:\/\/storeforcesolutions.com\/de\/wp-content\/uploads\/sites\/8\/2023\/03\/Press-Page-1536x214.jpg 1536w\" sizes=\"(max-width: 1920px) 100vw, 1920px\" \/><\/figure>\n<\/div>\n<\/div>\n\n\n\n<div style=\"height:50px\" aria-hidden=\"true\" class=\"wp-block-spacer\"><\/div>\n\n\n\n<div class=\"wp-block-columns press_posts is-layout-flex wp-container-core-columns-is-layout-3 wp-block-columns-is-layout-flex\">\n<div class=\"wp-block-column container is-layout-flow wp-block-column-is-layout-flow\">\n<div class='container recent-posts-container'><div class='post-grid has-4-columns mobile-landscape-has-2-columns mobile-portrait-has-1-columns    '><div class='post-grid__post'><div class='post-grid__post-image'><img decoding=\"async\" src=\"https:\/\/storeforcesolutions.com\/de\/wp-content\/uploads\/sites\/8\/2019\/10\/StoreForce-Logo_v3.jpg\" ><\/div><a href=\"https:\/\/storeforcesolutions.com\/de\/press\/storeforce-launches-employee-self-service-ess-on-the-apple-and-google-play-market\/\" class='press-post-link'><h3 class='post-grid__post-item__title'>StoreForce launches Employee Self Service (ESS) on the Apple and Google Play Market <\/h3><\/a><\/div><div class='post-grid__post'><div class='post-grid__post-image'><img decoding=\"async\" src=\"https:\/\/storeforcesolutions.com\/de\/wp-content\/uploads\/sites\/8\/2018\/12\/Moz-Logo-v3.jpg\" ><\/div><a href=\"https:\/\/storeforcesolutions.com\/de\/press\/storeforce-and-moz-partner-to-enable-specialty-retailers-to-thrive-in-the-era-of-the-mobile-connected-consumer\/\" class='press-post-link'><h3 class='post-grid__post-item__title'>StoreForce and Moz Partner to Enable Specialty Retailers to Thrive in the Era of the Mobile-Connected Consumer <\/h3><\/a><\/div><div class='post-grid__post'><div class='post-grid__post-image'><img decoding=\"async\" src=\"https:\/\/storeforcesolutions.com\/de\/wp-content\/uploads\/sites\/8\/2018\/01\/CIOReview-Logpo.jpg\" ><\/div><a href=\"https:\/\/storeforcesolutions.com\/de\/press\/cioreview-names-storeforce-one-of-the-20-most-promising-retail-solution-providers-of-2018\/\" class='press-post-link'><h3 class='post-grid__post-item__title'>CIOReview Names StoreForce One of the 20 Most Promising Retail Solution Providers of 2018 <\/h3><\/a><\/div><div class='post-grid__post'><div class='post-grid__post-image'><img decoding=\"async\" src=\"https:\/\/storeforcesolutions.com\/de\/wp-content\/uploads\/sites\/8\/2017\/09\/Yext-Logo.jpg\" ><\/div><a href=\"https:\/\/storeforcesolutions.com\/de\/press\/storeforce-and-yext-team-up-to-make-managing-store-hours-easier-2\/\" class='press-post-link'><h3 class='post-grid__post-item__title'>StoreForce and Yext Team Up to Make Managing Store Hours Easier <\/h3><\/a><\/div><div class='post-grid__post'><div class='post-grid__post-image'><img decoding=\"async\" src=\"https:\/\/storeforcesolutions.com\/de\/wp-content\/uploads\/sites\/8\/2017\/01\/Crate-and-Barrel-logo-v3.jpg\" ><\/div><a href=\"https:\/\/storeforcesolutions.com\/de\/press\/crate-and-barrel-selects-storeforce-for-its-retail-scheduling-and-field-operator-tools\/\" class='press-post-link'><h3 class='post-grid__post-item__title'>Crate and Barrel Selects StoreForce for its Retail Scheduling and Field Operator Tools <\/h3><\/a><\/div><div class='post-grid__post'><div class='post-grid__post-image'><img decoding=\"async\" src=\"https:\/\/storeforcesolutions.com\/de\/wp-content\/uploads\/sites\/8\/2017\/01\/Suitsupply-Logo.jpg\" ><\/div><a href=\"https:\/\/storeforcesolutions.com\/de\/press\/suitsupply-workforce-management-and-store-performance\/\" class='press-post-link'><h3 class='post-grid__post-item__title'>Suitsupply Leveraging StoreForce Workforce Management and Store Performance Toolkit to Accelerate Global Growth <\/h3><\/a><\/div><div class='post-grid__post'><div class='post-grid__post-image'><img decoding=\"async\" src=\"https:\/\/storeforcesolutions.com\/de\/wp-content\/uploads\/sites\/8\/2016\/12\/Marshall-Retail-Group-Logo.jpg\" ><\/div><a href=\"https:\/\/storeforcesolutions.com\/de\/press\/marshall-retail-group-rolls-out-storeforce-scheduling-and-business-intelligence-tools\/\" class='press-post-link'><h3 class='post-grid__post-item__title'>Marshall Retail Group Rolls Out StoreForce Scheduling and Business Intelligence Tools <\/h3><\/a><\/div><div class='post-grid__post'><div class='post-grid__post-image'><img decoding=\"async\" src=\"https:\/\/storeforcesolutions.com\/de\/wp-content\/uploads\/sites\/8\/2016\/12\/Sun-and-Ski-Sports-Logo.jpg\" ><\/div><a href=\"https:\/\/storeforcesolutions.com\/de\/press\/sun-ski-rolls-out-storeforce-scheduling-and-store-performance-tools\/\" class='press-post-link'><h3 class='post-grid__post-item__title'>Sun &#038; Ski Rolls Out StoreForce Scheduling and Store Performance Tools <\/h3><\/a><\/div><div class='post-grid__post'><div class='post-grid__post-image'><img decoding=\"async\" src=\"https:\/\/storeforcesolutions.com\/de\/wp-content\/uploads\/sites\/8\/2019\/08\/Otimo-Retail-logo.jpg\" ><\/div><a href=\"https:\/\/storeforcesolutions.com\/de\/press\/otimo-retail-invests-in-leading-retail-technology-provider-storeforce\/\" class='press-post-link'><h3 class='post-grid__post-item__title'>Otimo Retail Invests in Leading Retail Technology Provider, StoreForce <\/h3><\/a><\/div><div class='post-grid__post'><div class='post-grid__post-image'><img decoding=\"async\" src=\"https:\/\/storeforcesolutions.com\/de\/wp-content\/uploads\/sites\/8\/2016\/05\/American-Apparel-logo.jpg\" ><\/div><a href=\"https:\/\/storeforcesolutions.com\/de\/press\/american-apparel-rolls-out-performance-based-scheduling-globally\/\" class='press-post-link'><h3 class='post-grid__post-item__title'>American Apparel Rolls Out Performance Based Scheduling Globally <\/h3><\/a><\/div><div class='post-grid__post'><div class='post-grid__post-image'><img decoding=\"async\" src=\"https:\/\/storeforcesolutions.com\/de\/wp-content\/uploads\/sites\/8\/2016\/05\/Top-Line-Solutions-Logo.jpg\" ><\/div><a href=\"https:\/\/storeforcesolutions.com\/de\/press\/storeforce-and-yacobian-top-line-solutions-partner-to-help-specialty-retail-diagnose-store-performance-and-deliver-associate-coaching\/\" class='press-post-link'><h3 class='post-grid__post-item__title'>StoreForce and Yacobian Top-Line Solutions Partner to help Specialty Retail Diagnose Store Performance and Deliver Associate Coaching <\/h3><\/a><\/div><div class='post-grid__post'><div class='post-grid__post-image'><img decoding=\"async\" src=\"https:\/\/storeforcesolutions.com\/de\/wp-content\/uploads\/sites\/8\/2019\/10\/StoreForce-Logo_v3.jpg\" ><\/div><a href=\"https:\/\/storeforcesolutions.com\/de\/press\/storeforce-workforce-management-provides-proactive-aca-compliance-controls-to-retailers\/\" class='press-post-link'><h3 class='post-grid__post-item__title'>StoreForce Workforce Management Provides Proactive ACA Compliance Controls to Retailers <\/h3><\/a><\/div><div class='post-grid__post'><div class='post-grid__post-image'><img decoding=\"async\" src=\"https:\/\/storeforcesolutions.com\/de\/wp-content\/uploads\/sites\/8\/2014\/05\/Lush-Logo.jpg\" ><\/div><a href=\"https:\/\/storeforcesolutions.com\/de\/press\/lush-north-america-selects-storeforce-on-strength-of-sustained-results\/\" class='press-post-link'><h3 class='post-grid__post-item__title'>LUSH North America Selects StoreForce on Strength of Sustained Results <\/h3><\/a><\/div><div class='post-grid__post'><div class='post-grid__post-image'><img decoding=\"async\" src=\"https:\/\/storeforcesolutions.com\/de\/wp-content\/uploads\/sites\/8\/2012\/10\/Grafton-Fraser-Logo.jpg\" ><\/div><a href=\"https:\/\/storeforcesolutions.com\/de\/press\/canadas-oldest-menswear-retailer-grafton-fraser-inc-partners-with-storeforce\/\" class='press-post-link'><h3 class='post-grid__post-item__title'>Canada\u2019s Oldest Menswear Retailer, Grafton Fraser Inc., Partners with StoreForce <\/h3><\/a><\/div><div class='post-grid__post'><div class='post-grid__post-image'><img decoding=\"async\" src=\"https:\/\/storeforcesolutions.com\/de\/wp-content\/uploads\/sites\/8\/2012\/09\/BeaverBrooks-Jewellers-Logo_v3.jpg\" ><\/div><a href=\"https:\/\/storeforcesolutions.com\/de\/press\/beaverbrooks-jewellers-achieve-12-percent-uplift-in-sales-and-rolls-out-storeforce-to-all-stores\/\" class='press-post-link'><h3 class='post-grid__post-item__title'>Beaverbrooks Jewellers Achieve 12% Uplift in Sales and Rolls Out StoreForce to All Stores <\/h3><\/a><\/div><div class='post-grid__post'><div class='post-grid__post-image'><img decoding=\"async\" src=\"https:\/\/storeforcesolutions.com\/de\/wp-content\/uploads\/sites\/8\/2019\/10\/StoreForce-Logo_v3.jpg\" ><\/div><a href=\"https:\/\/storeforcesolutions.com\/de\/press\/iphone-and-ipad-gain-traction-in-specialty-retail-operating-arena\/\" class='press-post-link'><h3 class='post-grid__post-item__title'>iPhone and iPad Gain Traction in Specialty Retail Operating Arena <\/h3><\/a><\/div><\/div><\/div>\n<\/div>\n<\/div>\n\n\n\n<div class=\"wp-block-columns m-b-0 footer-cta has-background is-layout-flex wp-container-core-columns-is-layout-6 wp-block-columns-is-layout-flex\" style=\"background-color:#002f6b\">\n<div class=\"wp-block-column is-layout-flow wp-block-column-is-layout-flow\">\n<div style=\"height:40px\" aria-hidden=\"true\" class=\"wp-block-spacer\"><\/div>\n\n\n\n<div class=\"wp-block-columns is-layout-flex wp-container-core-columns-is-layout-4 wp-block-columns-is-layout-flex\">\n<div class=\"wp-block-column container is-layout-flow wp-block-column-is-layout-flow\">\n<h3 class=\"has-text-align-center has-whitecolor has-display-medium-font-size mb-2 has-white-color has-text-color wp-block-heading\">Vereinbaren Sie noch heute einen Beratungstermin mit <br>unseren Einzelhandelsexperten<\/h3>\n\n\n\n<p class=\"has-text-align-center has-whitecolor has-body-large-font-size has-white-color has-text-color\">Kontaktieren Sie uns noch heute, um in einem 15-min\u00fctigen Gespr\u00e4ch zu besprechen, wie StoreForce Sie dabei unterst\u00fctzen kann, Ihr Gesch\u00e4ft leistungsf\u00e4higer zu machen&nbsp;\u2013 und es kostet weniger als eine Transaktion pro Woche! Erfahren Sie, wie Einzelh\u00e4ndler auf der ganzen Welt ihre Leistung und das Kundenerlebnis mit unserer exklusiv f\u00fcr den Fachhandel entwickelten L\u00f6sung steigern.<a href=\"https:\/\/www.storeforcesolutions.com\/book-a-demo\/\"><\/a><\/p>\n<\/div>\n<\/div>\n\n\n\n<div class=\"wp-block-columns is-layout-flex wp-container-core-columns-is-layout-5 wp-block-columns-is-layout-flex\">\n<div class=\"wp-block-column container center-align-block is-layout-flow wp-block-column-is-layout-flow\">\n<div class=\"wp-block-buttons is-horizontal is-content-justification-center is-layout-flex wp-container-core-buttons-is-layout-1 wp-block-buttons-is-layout-flex\">\n<div class=\"wp-block-button has-green-border-btn\"><a class=\"wp-block-button__link has-white-color has-text-color wp-element-button\" href=\"https:\/\/storeforcesolutions.com\/de\/kontakt\/\">Sie mit uns<\/a><\/div>\n<\/div>\n<\/div>\n<\/div>\n\n\n\n<div style=\"height:40px\" aria-hidden=\"true\" class=\"wp-block-spacer\"><\/div>\n<\/div>\n<\/div>\n","protected":false},"excerpt":{"rendered":"<p>Presse Find the latest coverage, presHier finden Sie die neuesten Nachrichten, Pressemitteilungen und Auszeichnungen, \u00fcber die Sie in Bezug auf StoreForce Bescheid wissen sollten. Erfahren Sie, wie sich unsere Marke auf dem Markt f\u00fcr Workforce Management im Einzelhandel behauptet. Vereinbaren Sie noch heute einen Beratungstermin mit unseren Einzelhandelsexperten Kontaktieren Sie uns noch heute, um in [&hellip;]<\/p>\n","protected":false},"author":8,"featured_media":0,"parent":316,"menu_order":0,"comment_status":"closed","ping_status":"closed","template":"","meta":{"_acf_changed":false,"content-type":"","footnotes":""},"class_list":["post-3164","page","type-page","status-publish","hentry"],"acf":[],"yoast_head":"<!-- This site is optimized with the Yoast SEO plugin v26.0 - https:\/\/yoast.com\/wordpress\/plugins\/seo\/ -->\n<title>Storeforce Deutsch - Presse<\/title>\n<meta name=\"description\" content=\"Find the latest coverage, press releases, and awards you need to know about StoreForce. Get to know how our brand is standing up in the retail workforce management market.\" \/>\n<meta name=\"robots\" content=\"index, follow, max-snippet:-1, max-image-preview:large, max-video-preview:-1\" \/>\n<link rel=\"canonical\" href=\"https:\/\/storeforcesolutions.com\/de\/das-unternehmen\/presse\/\" \/>\n<meta property=\"og:locale\" content=\"en_US\" \/>\n<meta property=\"og:type\" content=\"article\" \/>\n<meta property=\"og:title\" content=\"Storeforce Deutsch - Presse\" \/>\n<meta property=\"og:description\" content=\"Find the latest coverage, press releases, and awards you need to know about StoreForce. Get to know how our brand is standing up in the retail workforce management market.\" \/>\n<meta property=\"og:url\" content=\"https:\/\/storeforcesolutions.com\/de\/das-unternehmen\/presse\/\" \/>\n<meta property=\"og:site_name\" content=\"Storeforce Deutsch\" \/>\n<meta property=\"article:modified_time\" content=\"2023-03-23T19:38:46+00:00\" \/>\n<meta property=\"og:image\" content=\"https:\/\/storeforcesolutions.com\/de\/wp-content\/uploads\/sites\/8\/2023\/03\/Press-Page.jpg\" \/>\n<meta name=\"twitter:card\" content=\"summary_large_image\" \/>\n<meta name=\"twitter:label1\" content=\"Est. reading time\" \/>\n\t<meta name=\"twitter:data1\" content=\"1 minute\" \/>\n<script type=\"application\/ld+json\" class=\"yoast-schema-graph\">{\"@context\":\"https:\/\/schema.org\",\"@graph\":[{\"@type\":\"WebPage\",\"@id\":\"https:\/\/storeforcesolutions.com\/de\/das-unternehmen\/presse\/\",\"url\":\"https:\/\/storeforcesolutions.com\/de\/das-unternehmen\/presse\/\",\"name\":\"Storeforce Deutsch - Presse\",\"isPartOf\":{\"@id\":\"https:\/\/storeforcesolutions.com\/de\/#website\"},\"primaryImageOfPage\":{\"@id\":\"https:\/\/storeforcesolutions.com\/de\/das-unternehmen\/presse\/#primaryimage\"},\"image\":{\"@id\":\"https:\/\/storeforcesolutions.com\/de\/das-unternehmen\/presse\/#primaryimage\"},\"thumbnailUrl\":\"https:\/\/storeforcesolutions.com\/de\/wp-content\/uploads\/sites\/8\/2023\/03\/Press-Page.jpg\",\"datePublished\":\"2019-07-26T20:42:45+00:00\",\"dateModified\":\"2023-03-23T19:38:46+00:00\",\"description\":\"Find the latest coverage, press releases, and awards you need to know about StoreForce. Get to know how our brand is standing up in the retail workforce management market.\",\"breadcrumb\":{\"@id\":\"https:\/\/storeforcesolutions.com\/de\/das-unternehmen\/presse\/#breadcrumb\"},\"inLanguage\":\"en-US\",\"potentialAction\":[{\"@type\":\"ReadAction\",\"target\":[\"https:\/\/storeforcesolutions.com\/de\/das-unternehmen\/presse\/\"]}]},{\"@type\":\"ImageObject\",\"inLanguage\":\"en-US\",\"@id\":\"https:\/\/storeforcesolutions.com\/de\/das-unternehmen\/presse\/#primaryimage\",\"url\":\"https:\/\/storeforcesolutions.com\/de\/wp-content\/uploads\/sites\/8\/2023\/03\/Press-Page.jpg\",\"contentUrl\":\"https:\/\/storeforcesolutions.com\/de\/wp-content\/uploads\/sites\/8\/2023\/03\/Press-Page.jpg\",\"width\":1920,\"height\":267},{\"@type\":\"BreadcrumbList\",\"@id\":\"https:\/\/storeforcesolutions.com\/de\/das-unternehmen\/presse\/#breadcrumb\",\"itemListElement\":[{\"@type\":\"ListItem\",\"position\":1,\"name\":\"Das Unternehmen\",\"item\":\"https:\/\/storeforcesolutions.com\/de\/das-unternehmen\/\"},{\"@type\":\"ListItem\",\"position\":2,\"name\":\"Presse\"}]},{\"@type\":\"WebSite\",\"@id\":\"https:\/\/storeforcesolutions.com\/de\/#website\",\"url\":\"https:\/\/storeforcesolutions.com\/de\/\",\"name\":\"Storeforce Deutsch\",\"description\":\"\",\"publisher\":{\"@id\":\"https:\/\/storeforcesolutions.com\/de\/#organization\"},\"potentialAction\":[{\"@type\":\"SearchAction\",\"target\":{\"@type\":\"EntryPoint\",\"urlTemplate\":\"https:\/\/storeforcesolutions.com\/de\/?s={search_term_string}\"},\"query-input\":{\"@type\":\"PropertyValueSpecification\",\"valueRequired\":true,\"valueName\":\"search_term_string\"}}],\"inLanguage\":\"en-US\"},{\"@type\":\"Organization\",\"@id\":\"https:\/\/storeforcesolutions.com\/de\/#organization\",\"name\":\"Storeforce Deutsch\",\"url\":\"https:\/\/storeforcesolutions.com\/de\/\",\"logo\":{\"@type\":\"ImageObject\",\"inLanguage\":\"en-US\",\"@id\":\"https:\/\/storeforcesolutions.com\/de\/#\/schema\/logo\/image\/\",\"url\":\"https:\/\/storeforcesolutions.com\/de\/wp-content\/uploads\/sites\/8\/2022\/05\/i-storeceforce-icon.svg\",\"contentUrl\":\"https:\/\/storeforcesolutions.com\/de\/wp-content\/uploads\/sites\/8\/2022\/05\/i-storeceforce-icon.svg\",\"width\":225,\"height\":58,\"caption\":\"Storeforce Deutsch\"},\"image\":{\"@id\":\"https:\/\/storeforcesolutions.com\/de\/#\/schema\/logo\/image\/\"}}]}<\/script>\n<!-- \/ Yoast SEO plugin. -->","yoast_head_json":{"title":"Storeforce Deutsch - Presse","description":"Find the latest coverage, press releases, and awards you need to know about StoreForce. Get to know how our brand is standing up in the retail workforce management market.","robots":{"index":"index","follow":"follow","max-snippet":"max-snippet:-1","max-image-preview":"max-image-preview:large","max-video-preview":"max-video-preview:-1"},"canonical":"https:\/\/storeforcesolutions.com\/de\/das-unternehmen\/presse\/","og_locale":"en_US","og_type":"article","og_title":"Storeforce Deutsch - Presse","og_description":"Find the latest coverage, press releases, and awards you need to know about StoreForce. Get to know how our brand is standing up in the retail workforce management market.","og_url":"https:\/\/storeforcesolutions.com\/de\/das-unternehmen\/presse\/","og_site_name":"Storeforce Deutsch","article_modified_time":"2023-03-23T19:38:46+00:00","og_image":[{"url":"https:\/\/storeforcesolutions.com\/de\/wp-content\/uploads\/sites\/8\/2023\/03\/Press-Page.jpg","type":"","width":"","height":""}],"twitter_card":"summary_large_image","twitter_misc":{"Est. reading time":"1 minute"},"schema":{"@context":"https:\/\/schema.org","@graph":[{"@type":"WebPage","@id":"https:\/\/storeforcesolutions.com\/de\/das-unternehmen\/presse\/","url":"https:\/\/storeforcesolutions.com\/de\/das-unternehmen\/presse\/","name":"Storeforce Deutsch - Presse","isPartOf":{"@id":"https:\/\/storeforcesolutions.com\/de\/#website"},"primaryImageOfPage":{"@id":"https:\/\/storeforcesolutions.com\/de\/das-unternehmen\/presse\/#primaryimage"},"image":{"@id":"https:\/\/storeforcesolutions.com\/de\/das-unternehmen\/presse\/#primaryimage"},"thumbnailUrl":"https:\/\/storeforcesolutions.com\/de\/wp-content\/uploads\/sites\/8\/2023\/03\/Press-Page.jpg","datePublished":"2019-07-26T20:42:45+00:00","dateModified":"2023-03-23T19:38:46+00:00","description":"Find the latest coverage, press releases, and awards you need to know about StoreForce. Get to know how our brand is standing up in the retail workforce management market.","breadcrumb":{"@id":"https:\/\/storeforcesolutions.com\/de\/das-unternehmen\/presse\/#breadcrumb"},"inLanguage":"en-US","potentialAction":[{"@type":"ReadAction","target":["https:\/\/storeforcesolutions.com\/de\/das-unternehmen\/presse\/"]}]},{"@type":"ImageObject","inLanguage":"en-US","@id":"https:\/\/storeforcesolutions.com\/de\/das-unternehmen\/presse\/#primaryimage","url":"https:\/\/storeforcesolutions.com\/de\/wp-content\/uploads\/sites\/8\/2023\/03\/Press-Page.jpg","contentUrl":"https:\/\/storeforcesolutions.com\/de\/wp-content\/uploads\/sites\/8\/2023\/03\/Press-Page.jpg","width":1920,"height":267},{"@type":"BreadcrumbList","@id":"https:\/\/storeforcesolutions.com\/de\/das-unternehmen\/presse\/#breadcrumb","itemListElement":[{"@type":"ListItem","position":1,"name":"Das Unternehmen","item":"https:\/\/storeforcesolutions.com\/de\/das-unternehmen\/"},{"@type":"ListItem","position":2,"name":"Presse"}]},{"@type":"WebSite","@id":"https:\/\/storeforcesolutions.com\/de\/#website","url":"https:\/\/storeforcesolutions.com\/de\/","name":"Storeforce Deutsch","description":"","publisher":{"@id":"https:\/\/storeforcesolutions.com\/de\/#organization"},"potentialAction":[{"@type":"SearchAction","target":{"@type":"EntryPoint","urlTemplate":"https:\/\/storeforcesolutions.com\/de\/?s={search_term_string}"},"query-input":{"@type":"PropertyValueSpecification","valueRequired":true,"valueName":"search_term_string"}}],"inLanguage":"en-US"},{"@type":"Organization","@id":"https:\/\/storeforcesolutions.com\/de\/#organization","name":"Storeforce Deutsch","url":"https:\/\/storeforcesolutions.com\/de\/","logo":{"@type":"ImageObject","inLanguage":"en-US","@id":"https:\/\/storeforcesolutions.com\/de\/#\/schema\/logo\/image\/","url":"https:\/\/storeforcesolutions.com\/de\/wp-content\/uploads\/sites\/8\/2022\/05\/i-storeceforce-icon.svg","contentUrl":"https:\/\/storeforcesolutions.com\/de\/wp-content\/uploads\/sites\/8\/2022\/05\/i-storeceforce-icon.svg","width":225,"height":58,"caption":"Storeforce Deutsch"},"image":{"@id":"https:\/\/storeforcesolutions.com\/de\/#\/schema\/logo\/image\/"}}]}},"_links":{"self":[{"href":"https:\/\/storeforcesolutions.com\/de\/wp-json\/wp\/v2\/pages\/3164","targetHints":{"allow":["GET"]}}],"collection":[{"href":"https:\/\/storeforcesolutions.com\/de\/wp-json\/wp\/v2\/pages"}],"about":[{"href":"https:\/\/storeforcesolutions.com\/de\/wp-json\/wp\/v2\/types\/page"}],"author":[{"embeddable":true,"href":"https:\/\/storeforcesolutions.com\/de\/wp-json\/wp\/v2\/users\/8"}],"replies":[{"embeddable":true,"href":"https:\/\/storeforcesolutions.com\/de\/wp-json\/wp\/v2\/comments?post=3164"}],"version-history":[{"count":2,"href":"https:\/\/storeforcesolutions.com\/de\/wp-json\/wp\/v2\/pages\/3164\/revisions"}],"predecessor-version":[{"id":19303,"href":"https:\/\/storeforcesolutions.com\/de\/wp-json\/wp\/v2\/pages\/3164\/revisions\/19303"}],"up":[{"embeddable":true,"href":"https:\/\/storeforcesolutions.com\/de\/wp-json\/wp\/v2\/pages\/316"}],"wp:attachment":[{"href":"https:\/\/storeforcesolutions.com\/de\/wp-json\/wp\/v2\/media?parent=3164"}],"curies":[{"name":"wp","href":"https:\/\/api.w.org\/{rel}","templated":true}]}}