{"id":3158,"date":"2019-07-31T20:33:05","date_gmt":"2019-07-31T20:33:05","guid":{"rendered":"https:\/\/wordpress-402808-2566796.cloudwaysapps.com\/de\/?page_id=3158"},"modified":"2023-03-23T15:42:54","modified_gmt":"2023-03-23T19:42:54","slug":"white-papers","status":"publish","type":"page","link":"https:\/\/storeforcesolutions.com\/de\/ressourcen\/white-papers\/","title":{"rendered":"White Papers"},"content":{"rendered":"\n<div class=\"wp-block-columns hero__block is-layout-flex wp-container-core-columns-is-layout-2 wp-block-columns-is-layout-flex\">\n<div class=\"wp-block-column hero__container-main is-layout-flow wp-block-column-is-layout-flow\">\n<div class=\"wp-block-columns is-layout-flex wp-container-core-columns-is-layout-1 wp-block-columns-is-layout-flex\">\n<div class=\"wp-block-column container hero__container is-layout-flow wp-block-column-is-layout-flow\">\n<div style=\"height:80px\" aria-hidden=\"true\" class=\"wp-block-spacer\"><\/div>\n\n\n\n<h2 class=\"has-text-align-center has-display-large-font-size has-whitecolor wp-block-heading\" id=\"h-whitepaper\">Whitepaper<\/h2>\n\n\n\n<p class=\"has-text-align-center has-whitecolor max-880 has-body-large-font-size\">White Papers von Vordenkern zu den neuesten Entwicklungen im Fachhandel, Workforce Management und Einzelhandelsperformance.<\/p>\n\n\n\n<div style=\"height:80px\" aria-hidden=\"true\" class=\"wp-block-spacer\"><\/div>\n<\/div>\n<\/div>\n\n\n\n<figure class=\"wp-block-image size-full hero__image\"><img fetchpriority=\"high\" decoding=\"async\" width=\"1920\" height=\"367\" src=\"https:\/\/storeforcesolutions.com\/de\/wp-content\/uploads\/sites\/8\/2023\/03\/White-Paper-banner-1.jpg\" alt=\"\" class=\"wp-image-19308\" srcset=\"https:\/\/storeforcesolutions.com\/de\/wp-content\/uploads\/sites\/8\/2023\/03\/White-Paper-banner-1.jpg 1920w, https:\/\/storeforcesolutions.com\/de\/wp-content\/uploads\/sites\/8\/2023\/03\/White-Paper-banner-1-300x57.jpg 300w, https:\/\/storeforcesolutions.com\/de\/wp-content\/uploads\/sites\/8\/2023\/03\/White-Paper-banner-1-1024x196.jpg 1024w, https:\/\/storeforcesolutions.com\/de\/wp-content\/uploads\/sites\/8\/2023\/03\/White-Paper-banner-1-768x147.jpg 768w, https:\/\/storeforcesolutions.com\/de\/wp-content\/uploads\/sites\/8\/2023\/03\/White-Paper-banner-1-1536x294.jpg 1536w\" sizes=\"(max-width: 1920px) 100vw, 1920px\" \/><\/figure>\n<\/div>\n<\/div>\n\n\n\n<div class=\"wp-block-columns is-layout-flex wp-container-core-columns-is-layout-3 wp-block-columns-is-layout-flex\">\n<div class=\"wp-block-column container whitepaper-category is-layout-flow wp-block-column-is-layout-flow\">\n<div style=\"height:60px\" aria-hidden=\"true\" class=\"wp-block-spacer\"><\/div>\n\n\n\n<div class='post-grid has-3-columns mobile-landscape-has-2-columns mobile-portrait-has-1-columns'><div class='post-grid__post'><div class='post-grid__post-image'><img src=https:\/\/storeforcesolutions.com\/de\/wp-content\/uploads\/sites\/8\/2022\/01\/White-Paper-Unified-Solution-for-Omnified-Retail-Featured-Image-p.png  alt='Unified Solution for Omnified Retail'  ><\/div><a href=\"https:\/\/storeforcesolutions.com\/de\/resource\/unified-solution-omnified-retail\/\" class='title-link'><h3 class='post-grid__post-item__title'>Unified Solution for Omnified Retail <\/h3><\/a><a href=\"https:\/\/storeforcesolutions.com\/de\/resource\/unified-solution-omnified-retail\/\" class=\"post-grid__post-item__link\">WEITERLESEN<\/a><\/div><div class='post-grid__post'><div class='post-grid__post-image'><img src=https:\/\/storeforcesolutions.com\/de\/wp-content\/uploads\/sites\/8\/2021\/12\/White-Paper-WWD-Rethinking-Retail-Workforce-Matters-o.png  alt='[Fairchild Studio and StoreForce] Rethinking Retail: Workforce Matters'  ><\/div><a href=\"https:\/\/storeforcesolutions.com\/de\/resource\/rethinking-retail-workforce-matters\/\" class='title-link'><h3 class='post-grid__post-item__title'>[Fairchild Studio and StoreForce] Rethinking Retail: Workforce Matters <\/h3><\/a><a href=\"https:\/\/storeforcesolutions.com\/de\/resource\/rethinking-retail-workforce-matters\/\" class=\"post-grid__post-item__link\">WEITERLESEN<\/a><\/div><div class='post-grid__post'><div class='post-grid__post-image'><img src=https:\/\/storeforcesolutions.com\/de\/wp-content\/uploads\/sites\/8\/2020\/10\/Preparing-Retail-Workforces-for-Anything-Whitepaper-Cover-Image-opt.jpg  alt='[SmartBrief Update] Preparing Retail Workforces for Anything'  ><\/div><a href=\"https:\/\/storeforcesolutions.com\/de\/resource\/preparing-retail-workforces-for-anything\/\" class='title-link'><h3 class='post-grid__post-item__title'>[SmartBrief Update] Preparing Retail Workforces for Anything <\/h3><\/a><a href=\"https:\/\/storeforcesolutions.com\/de\/resource\/preparing-retail-workforces-for-anything\/\" class=\"post-grid__post-item__link\">WEITERLESEN<\/a><\/div><div class='post-grid__post'><div class='post-grid__post-image'><img src=https:\/\/storeforcesolutions.com\/de\/wp-content\/uploads\/sites\/8\/2020\/08\/StoreForce-Whitepaper-10-Ways-The-Stay-At-Home-Economy-Will-Reshape-Holiday-2020.jpg  alt='10 Ways The &#8216;Stay-At-Home Economy&#8217; Will Reshape Holiday 2020'  ><\/div><a href=\"https:\/\/storeforcesolutions.com\/de\/resource\/10-ways-the-stay-at-home-economy-will-reshape-holiday-2020\/\" class='title-link'><h3 class='post-grid__post-item__title'>10 Ways The &#8216;Stay-At-Home Economy&#8217; Will Reshape Holiday 2020 <\/h3><\/a><a href=\"https:\/\/storeforcesolutions.com\/de\/resource\/10-ways-the-stay-at-home-economy-will-reshape-holiday-2020\/\" class=\"post-grid__post-item__link\">WEITERLESEN<\/a><\/div><div class='post-grid__post'><div class='post-grid__post-image'><img src=https:\/\/storeforcesolutions.com\/de\/wp-content\/uploads\/sites\/8\/2019\/12\/White-Paper-Melissa-The-Importance-of-a-BYOD-Policy-in-Retail.png  alt='The Importance of a BYOD Policy in Retail'  ><\/div><a href=\"https:\/\/storeforcesolutions.com\/de\/resource\/importance-byod-policy-retail\/\" class='title-link'><h3 class='post-grid__post-item__title'>The Importance of a BYOD Policy in Retail <\/h3><\/a><a href=\"https:\/\/storeforcesolutions.com\/de\/resource\/importance-byod-policy-retail\/\" class=\"post-grid__post-item__link\">WEITERLESEN<\/a><\/div><div class='post-grid__post'><div class='post-grid__post-image'><img src=https:\/\/storeforcesolutions.com\/de\/wp-content\/uploads\/sites\/8\/2019\/09\/White-Paper-Allie-Retaining-Retail-Top-Sales-Leaders-Landing-Page-Cover-v1-1.png  alt='Retaining Top Retail Sales Leaders'  ><\/div><a href=\"https:\/\/storeforcesolutions.com\/de\/resource\/retaining-top-retail-sales-leaders\/\" class='title-link'><h3 class='post-grid__post-item__title'>Retaining Top Retail Sales Leaders <\/h3><\/a><a href=\"https:\/\/storeforcesolutions.com\/de\/resource\/retaining-top-retail-sales-leaders\/\" class=\"post-grid__post-item__link\">WEITERLESEN<\/a><\/div><div class='post-grid__post'><div class='post-grid__post-image'><img src=https:\/\/storeforcesolutions.com\/de\/wp-content\/uploads\/sites\/8\/2019\/03\/Dark-Side-of-Omni-Cover_v2.jpg  alt='Dark Side of Omni'  ><\/div><a href=\"https:\/\/storeforcesolutions.com\/de\/resource\/dark-side-omni\/\" class='title-link'><h3 class='post-grid__post-item__title'>Dark Side of Omni <\/h3><\/a><a href=\"https:\/\/storeforcesolutions.com\/de\/resource\/dark-side-omni\/\" class=\"post-grid__post-item__link\">WEITERLESEN<\/a><\/div><div class='post-grid__post'><div class='post-grid__post-image'><img src=https:\/\/storeforcesolutions.com\/de\/wp-content\/uploads\/sites\/8\/2018\/10\/Performance-at-a-Peak-Cover.-v2jpg.jpg  alt='Performance at Peak'  ><\/div><a href=\"https:\/\/storeforcesolutions.com\/de\/resource\/performance-at-peak\/\" class='title-link'><h3 class='post-grid__post-item__title'>Performance at Peak <\/h3><\/a><a href=\"https:\/\/storeforcesolutions.com\/de\/resource\/performance-at-peak\/\" class=\"post-grid__post-item__link\">WEITERLESEN<\/a><\/div><\/div>\n\n\n\n<div style=\"height:60px\" aria-hidden=\"true\" class=\"wp-block-spacer\"><\/div>\n<\/div>\n<\/div>\n\n\n\n<div class=\"wp-block-columns mb-0 footer-cta has-background is-layout-flex wp-container-core-columns-is-layout-5 wp-block-columns-is-layout-flex\" style=\"background-color:#002f6b\">\n<div class=\"wp-block-column container is-layout-flow wp-block-column-is-layout-flow\">\n<div style=\"height:40px\" aria-hidden=\"true\" class=\"wp-block-spacer\"><\/div>\n\n\n\n<h3 class=\"has-text-align-center mb-3 has-whitecolor has-display-small-font-size has-center-alignment wp-block-heading\" id=\"h-vereinbaren-sie-noch-heute-einen-beratungstermin-mit-unseren-einzelhandelsexperten\">Vereinbaren Sie noch heute einen Beratungstermin mit unseren Einzelhandelsexperten<\/h3>\n\n\n\n<p class=\"has-text-align-center has-whitecolor\">Kontaktieren Sie uns noch heute, um in einem 15-min\u00fctigen Gespr\u00e4ch zu besprechen, wie StoreForce Sie dabei unterst\u00fctzen kann, Ihr Gesch\u00e4ft leistungsf\u00e4higer zu machen \u2013 und es kostet weniger als eine Transaktion pro Woche! Erfahren Sie, wie Einzelh\u00e4ndler auf der ganzen Welt ihre Leistung und das Kundenerlebnis mit unserer exklusiv f\u00fcr den Fachhandel entwickelten L\u00f6sung steigern.<a href=\"https:\/\/www.storeforcesolutions.com\/book-a-demo\/\"><\/a><\/p>\n\n\n\n<div class=\"wp-block-columns is-layout-flex wp-container-core-columns-is-layout-4 wp-block-columns-is-layout-flex\">\n<div class=\"wp-block-column container center-align-block is-layout-flow wp-block-column-is-layout-flow\">\n<div style=\"height:20px\" aria-hidden=\"true\" class=\"wp-block-spacer\"><\/div>\n\n\n\n<div class=\"wp-block-buttons is-horizontal is-content-justification-center is-layout-flex wp-container-core-buttons-is-layout-1 wp-block-buttons-is-layout-flex\">\n<div class=\"wp-block-button has-green-border-btn\"><a class=\"wp-block-button__link has-white-color has-text-color wp-element-button\" href=\"https:\/\/storeforcesolutions.com\/de\/contact-us\/\">Sprechen Sie mit uns<\/a><\/div>\n<\/div>\n<\/div>\n<\/div>\n<\/div>\n<\/div>\n","protected":false},"excerpt":{"rendered":"<p>Whitepaper White Papers von Vordenkern zu den neuesten Entwicklungen im Fachhandel, Workforce Management und Einzelhandelsperformance. Vereinbaren Sie noch heute einen Beratungstermin mit unseren Einzelhandelsexperten Kontaktieren Sie uns noch heute, um in einem 15-min\u00fctigen Gespr\u00e4ch zu besprechen, wie StoreForce Sie dabei unterst\u00fctzen kann, Ihr Gesch\u00e4ft leistungsf\u00e4higer zu machen \u2013 und es kostet weniger als eine Transaktion [&hellip;]<\/p>\n","protected":false},"author":8,"featured_media":0,"parent":3142,"menu_order":0,"comment_status":"closed","ping_status":"closed","template":"","meta":{"_acf_changed":false,"content-type":"","footnotes":""},"class_list":["post-3158","page","type-page","status-publish","hentry"],"acf":[],"yoast_head":"<!-- This site is optimized with the Yoast SEO plugin v26.0 - https:\/\/yoast.com\/wordpress\/plugins\/seo\/ -->\n<title>Storeforce Deutsch - White Papers<\/title>\n<meta name=\"description\" content=\"Thought leadership whitepapers and market guidelines on how Specialty Retailers can drive workforce and store performance today.\" \/>\n<meta name=\"robots\" content=\"index, follow, max-snippet:-1, max-image-preview:large, max-video-preview:-1\" \/>\n<link rel=\"canonical\" href=\"https:\/\/storeforcesolutions.com\/de\/ressourcen\/white-papers\/\" \/>\n<meta property=\"og:locale\" content=\"en_US\" \/>\n<meta property=\"og:type\" content=\"article\" \/>\n<meta property=\"og:title\" content=\"Storeforce Deutsch - White Papers\" \/>\n<meta property=\"og:description\" content=\"Thought leadership whitepapers and market guidelines on how Specialty Retailers can drive workforce and store performance today.\" \/>\n<meta property=\"og:url\" content=\"https:\/\/storeforcesolutions.com\/de\/ressourcen\/white-papers\/\" \/>\n<meta property=\"og:site_name\" content=\"Storeforce Deutsch\" \/>\n<meta property=\"article:modified_time\" content=\"2023-03-23T19:42:54+00:00\" \/>\n<meta property=\"og:image\" content=\"https:\/\/storeforcesolutions.com\/de\/wp-content\/uploads\/sites\/8\/2023\/03\/White-Paper-banner-1.jpg\" \/>\n<meta name=\"twitter:card\" content=\"summary_large_image\" \/>\n<meta name=\"twitter:label1\" content=\"Est. reading time\" \/>\n\t<meta name=\"twitter:data1\" content=\"1 minute\" \/>\n<script type=\"application\/ld+json\" class=\"yoast-schema-graph\">{\"@context\":\"https:\/\/schema.org\",\"@graph\":[{\"@type\":\"WebPage\",\"@id\":\"https:\/\/storeforcesolutions.com\/de\/ressourcen\/white-papers\/\",\"url\":\"https:\/\/storeforcesolutions.com\/de\/ressourcen\/white-papers\/\",\"name\":\"Storeforce Deutsch - White Papers\",\"isPartOf\":{\"@id\":\"https:\/\/storeforcesolutions.com\/de\/#website\"},\"primaryImageOfPage\":{\"@id\":\"https:\/\/storeforcesolutions.com\/de\/ressourcen\/white-papers\/#primaryimage\"},\"image\":{\"@id\":\"https:\/\/storeforcesolutions.com\/de\/ressourcen\/white-papers\/#primaryimage\"},\"thumbnailUrl\":\"https:\/\/storeforcesolutions.com\/de\/wp-content\/uploads\/sites\/8\/2023\/03\/White-Paper-banner-1.jpg\",\"datePublished\":\"2019-07-31T20:33:05+00:00\",\"dateModified\":\"2023-03-23T19:42:54+00:00\",\"description\":\"Thought leadership whitepapers and market guidelines on how Specialty Retailers can drive workforce and store performance today.\",\"breadcrumb\":{\"@id\":\"https:\/\/storeforcesolutions.com\/de\/ressourcen\/white-papers\/#breadcrumb\"},\"inLanguage\":\"en-US\",\"potentialAction\":[{\"@type\":\"ReadAction\",\"target\":[\"https:\/\/storeforcesolutions.com\/de\/ressourcen\/white-papers\/\"]}]},{\"@type\":\"ImageObject\",\"inLanguage\":\"en-US\",\"@id\":\"https:\/\/storeforcesolutions.com\/de\/ressourcen\/white-papers\/#primaryimage\",\"url\":\"https:\/\/storeforcesolutions.com\/de\/wp-content\/uploads\/sites\/8\/2023\/03\/White-Paper-banner-1.jpg\",\"contentUrl\":\"https:\/\/storeforcesolutions.com\/de\/wp-content\/uploads\/sites\/8\/2023\/03\/White-Paper-banner-1.jpg\",\"width\":1920,\"height\":367},{\"@type\":\"BreadcrumbList\",\"@id\":\"https:\/\/storeforcesolutions.com\/de\/ressourcen\/white-papers\/#breadcrumb\",\"itemListElement\":[{\"@type\":\"ListItem\",\"position\":1,\"name\":\"Ressourcen\",\"item\":\"https:\/\/storeforcesolutions.com\/de\/ressourcen\/\"},{\"@type\":\"ListItem\",\"position\":2,\"name\":\"White Papers\"}]},{\"@type\":\"WebSite\",\"@id\":\"https:\/\/storeforcesolutions.com\/de\/#website\",\"url\":\"https:\/\/storeforcesolutions.com\/de\/\",\"name\":\"Storeforce Deutsch\",\"description\":\"\",\"publisher\":{\"@id\":\"https:\/\/storeforcesolutions.com\/de\/#organization\"},\"potentialAction\":[{\"@type\":\"SearchAction\",\"target\":{\"@type\":\"EntryPoint\",\"urlTemplate\":\"https:\/\/storeforcesolutions.com\/de\/?s={search_term_string}\"},\"query-input\":{\"@type\":\"PropertyValueSpecification\",\"valueRequired\":true,\"valueName\":\"search_term_string\"}}],\"inLanguage\":\"en-US\"},{\"@type\":\"Organization\",\"@id\":\"https:\/\/storeforcesolutions.com\/de\/#organization\",\"name\":\"Storeforce Deutsch\",\"url\":\"https:\/\/storeforcesolutions.com\/de\/\",\"logo\":{\"@type\":\"ImageObject\",\"inLanguage\":\"en-US\",\"@id\":\"https:\/\/storeforcesolutions.com\/de\/#\/schema\/logo\/image\/\",\"url\":\"https:\/\/storeforcesolutions.com\/de\/wp-content\/uploads\/sites\/8\/2022\/05\/i-storeceforce-icon.svg\",\"contentUrl\":\"https:\/\/storeforcesolutions.com\/de\/wp-content\/uploads\/sites\/8\/2022\/05\/i-storeceforce-icon.svg\",\"width\":225,\"height\":58,\"caption\":\"Storeforce Deutsch\"},\"image\":{\"@id\":\"https:\/\/storeforcesolutions.com\/de\/#\/schema\/logo\/image\/\"}}]}<\/script>\n<!-- \/ Yoast SEO plugin. -->","yoast_head_json":{"title":"Storeforce Deutsch - White Papers","description":"Thought leadership whitepapers and market guidelines on how Specialty Retailers can drive workforce and store performance today.","robots":{"index":"index","follow":"follow","max-snippet":"max-snippet:-1","max-image-preview":"max-image-preview:large","max-video-preview":"max-video-preview:-1"},"canonical":"https:\/\/storeforcesolutions.com\/de\/ressourcen\/white-papers\/","og_locale":"en_US","og_type":"article","og_title":"Storeforce Deutsch - White Papers","og_description":"Thought leadership whitepapers and market guidelines on how Specialty Retailers can drive workforce and store performance today.","og_url":"https:\/\/storeforcesolutions.com\/de\/ressourcen\/white-papers\/","og_site_name":"Storeforce Deutsch","article_modified_time":"2023-03-23T19:42:54+00:00","og_image":[{"url":"https:\/\/storeforcesolutions.com\/de\/wp-content\/uploads\/sites\/8\/2023\/03\/White-Paper-banner-1.jpg","type":"","width":"","height":""}],"twitter_card":"summary_large_image","twitter_misc":{"Est. reading time":"1 minute"},"schema":{"@context":"https:\/\/schema.org","@graph":[{"@type":"WebPage","@id":"https:\/\/storeforcesolutions.com\/de\/ressourcen\/white-papers\/","url":"https:\/\/storeforcesolutions.com\/de\/ressourcen\/white-papers\/","name":"Storeforce Deutsch - White Papers","isPartOf":{"@id":"https:\/\/storeforcesolutions.com\/de\/#website"},"primaryImageOfPage":{"@id":"https:\/\/storeforcesolutions.com\/de\/ressourcen\/white-papers\/#primaryimage"},"image":{"@id":"https:\/\/storeforcesolutions.com\/de\/ressourcen\/white-papers\/#primaryimage"},"thumbnailUrl":"https:\/\/storeforcesolutions.com\/de\/wp-content\/uploads\/sites\/8\/2023\/03\/White-Paper-banner-1.jpg","datePublished":"2019-07-31T20:33:05+00:00","dateModified":"2023-03-23T19:42:54+00:00","description":"Thought leadership whitepapers and market guidelines on how Specialty Retailers can drive workforce and store performance today.","breadcrumb":{"@id":"https:\/\/storeforcesolutions.com\/de\/ressourcen\/white-papers\/#breadcrumb"},"inLanguage":"en-US","potentialAction":[{"@type":"ReadAction","target":["https:\/\/storeforcesolutions.com\/de\/ressourcen\/white-papers\/"]}]},{"@type":"ImageObject","inLanguage":"en-US","@id":"https:\/\/storeforcesolutions.com\/de\/ressourcen\/white-papers\/#primaryimage","url":"https:\/\/storeforcesolutions.com\/de\/wp-content\/uploads\/sites\/8\/2023\/03\/White-Paper-banner-1.jpg","contentUrl":"https:\/\/storeforcesolutions.com\/de\/wp-content\/uploads\/sites\/8\/2023\/03\/White-Paper-banner-1.jpg","width":1920,"height":367},{"@type":"BreadcrumbList","@id":"https:\/\/storeforcesolutions.com\/de\/ressourcen\/white-papers\/#breadcrumb","itemListElement":[{"@type":"ListItem","position":1,"name":"Ressourcen","item":"https:\/\/storeforcesolutions.com\/de\/ressourcen\/"},{"@type":"ListItem","position":2,"name":"White Papers"}]},{"@type":"WebSite","@id":"https:\/\/storeforcesolutions.com\/de\/#website","url":"https:\/\/storeforcesolutions.com\/de\/","name":"Storeforce Deutsch","description":"","publisher":{"@id":"https:\/\/storeforcesolutions.com\/de\/#organization"},"potentialAction":[{"@type":"SearchAction","target":{"@type":"EntryPoint","urlTemplate":"https:\/\/storeforcesolutions.com\/de\/?s={search_term_string}"},"query-input":{"@type":"PropertyValueSpecification","valueRequired":true,"valueName":"search_term_string"}}],"inLanguage":"en-US"},{"@type":"Organization","@id":"https:\/\/storeforcesolutions.com\/de\/#organization","name":"Storeforce Deutsch","url":"https:\/\/storeforcesolutions.com\/de\/","logo":{"@type":"ImageObject","inLanguage":"en-US","@id":"https:\/\/storeforcesolutions.com\/de\/#\/schema\/logo\/image\/","url":"https:\/\/storeforcesolutions.com\/de\/wp-content\/uploads\/sites\/8\/2022\/05\/i-storeceforce-icon.svg","contentUrl":"https:\/\/storeforcesolutions.com\/de\/wp-content\/uploads\/sites\/8\/2022\/05\/i-storeceforce-icon.svg","width":225,"height":58,"caption":"Storeforce Deutsch"},"image":{"@id":"https:\/\/storeforcesolutions.com\/de\/#\/schema\/logo\/image\/"}}]}},"_links":{"self":[{"href":"https:\/\/storeforcesolutions.com\/de\/wp-json\/wp\/v2\/pages\/3158","targetHints":{"allow":["GET"]}}],"collection":[{"href":"https:\/\/storeforcesolutions.com\/de\/wp-json\/wp\/v2\/pages"}],"about":[{"href":"https:\/\/storeforcesolutions.com\/de\/wp-json\/wp\/v2\/types\/page"}],"author":[{"embeddable":true,"href":"https:\/\/storeforcesolutions.com\/de\/wp-json\/wp\/v2\/users\/8"}],"replies":[{"embeddable":true,"href":"https:\/\/storeforcesolutions.com\/de\/wp-json\/wp\/v2\/comments?post=3158"}],"version-history":[{"count":3,"href":"https:\/\/storeforcesolutions.com\/de\/wp-json\/wp\/v2\/pages\/3158\/revisions"}],"predecessor-version":[{"id":19309,"href":"https:\/\/storeforcesolutions.com\/de\/wp-json\/wp\/v2\/pages\/3158\/revisions\/19309"}],"up":[{"embeddable":true,"href":"https:\/\/storeforcesolutions.com\/de\/wp-json\/wp\/v2\/pages\/3142"}],"wp:attachment":[{"href":"https:\/\/storeforcesolutions.com\/de\/wp-json\/wp\/v2\/media?parent=3158"}],"curies":[{"name":"wp","href":"https:\/\/api.w.org\/{rel}","templated":true}]}}