{"id":3142,"date":"2019-07-31T20:31:57","date_gmt":"2019-07-31T20:31:57","guid":{"rendered":"https:\/\/wordpress-402808-2566796.cloudwaysapps.com\/de\/?page_id=3142"},"modified":"2022-05-20T07:57:30","modified_gmt":"2022-05-20T11:57:30","slug":"ressourcen","status":"publish","type":"page","link":"https:\/\/storeforcesolutions.com\/de\/ressourcen\/","title":{"rendered":"Ressourcen"},"content":{"rendered":"\n<div class=\"wp-block-columns hero__block is-layout-flex wp-container-core-columns-is-layout-2 wp-block-columns-is-layout-flex\">\n<div class=\"wp-block-column hero__container-main is-layout-flow wp-block-column-is-layout-flow\">\n<div class=\"wp-block-columns is-layout-flex wp-container-core-columns-is-layout-1 wp-block-columns-is-layout-flex\">\n<div class=\"wp-block-column container hero__container has-whitecolor is-layout-flow wp-block-column-is-layout-flow\">\n<div style=\"height:50px\" aria-hidden=\"true\" class=\"wp-block-spacer\"><\/div>\n\n\n\n<h1 class=\"has-text-align-center has-whitecolor has-display-xx-small-font-size bottom-margin-x-small wp-block-heading\" id=\"h-ressourcen\">RESSOURCEN<\/h1>\n\n\n\n<h2 class=\"has-text-align-center max-880 has-display-large-font-size has-whitecolor wp-block-heading\" id=\"h-die-neuesten-erkenntnisse-denkans-tze-und-markttrends-im-fachhandel\">Die neuesten Erkenntnisse, Denkans\u00e4tze und Markttrends im Fachhandel<\/h2>\n\n\n\n<p class=\"has-text-align-center max-880 has-whitecolor\">Stay informed on the latestBleiben Sie \u00fcber die neuesten Erkenntnisse, Denkans\u00e4tze und Trends im Fachhandel auf dem Laufenden. Informieren Sie sich \u00fcber Workforce und Performance Management, Gesch\u00e4ftsf\u00fchrung und Mitarbeiterengagement.<\/p>\n\n\n\n<div style=\"height:40px\" aria-hidden=\"true\" class=\"wp-block-spacer\"><\/div>\n\n\n\n<svg version=\"1.1\" xmlns=\"http:\/\/www.w3.org\/2000\/svg\" width=\"16\" height=\"16\" viewBox=\"0 0 1024 1024\" preserveAspectRatio=\"xMidYMid meet\" class=\"has-whitecolor-fill center-alignment\"><title>SmallArrowDown<\/title><path d=\"M512 587.435l-316.118-316.118c-37.49-37.49-98.274-37.49-135.765-0s-37.49 98.274-0 135.765l384 384c37.49 37.49 98.274 37.49 135.765 0l384-384c37.49-37.49 37.49-98.274 0-135.765s-98.274-37.49-135.765-0l-316.118 316.118z\"><\/path><\/svg>\n\n\n\n<div style=\"height:50px\" aria-hidden=\"true\" class=\"wp-block-spacer\"><\/div>\n<\/div>\n<\/div>\n\n\n\n<figure class=\"wp-block-image size-full hero__image\"><img fetchpriority=\"high\" decoding=\"async\" width=\"1200\" height=\"367\" src=\"https:\/\/storeforcesolutions.com\/de\/wp-content\/uploads\/sites\/8\/2019\/12\/StoreForce-Resources.jpg\" alt=\"\" class=\"wp-image-4738\"\/><\/figure>\n<\/div>\n<\/div>\n\n\n\n<div style=\"height:80px\" aria-hidden=\"true\" class=\"wp-block-spacer\"><\/div>\n\n\n\n<div class=\"wp-block-columns has-3-columns mobile-landscape-has-1-columns mobile-portrait-has-1-columns container is-layout-flex wp-container-core-columns-is-layout-3 wp-block-columns-is-layout-flex\">\n<div class=\"wp-block-column mb-5 mb-md-0 is-layout-flow wp-block-column-is-layout-flow\">\n<figure class=\"wp-block-image size-full\"><img decoding=\"async\" width=\"600\" height=\"365\" src=\"https:\/\/storeforcesolutions.com\/de\/wp-content\/uploads\/sites\/8\/2020\/05\/COVID-19-Store-Reopening-Resources-for-Retailers-Image-for-Event-Page-.jpg\" alt=\"COVID-19-Store-Reopening-Resources for Retailers Image for Event Page\" class=\"wp-image-6036\"\/><\/figure>\n\n\n\n<h2 class=\"has-display-small-font-size wp-block-heading\" id=\"h-wiederer-ffnung-von-gesch-ften-nach-covid-19-ressourcen-f-r-einzelh-ndler\">Wiederer\u00f6ffnung von Gesch\u00e4ften nach COVID-19: Ressourcen f\u00fcr Einzelh\u00e4ndler<\/h2>\n\n\n\n<p>Insights and suggestions to Erkenntnisse und Empfehlungen, die Ihr Einzelhandelsunternehmen und den Betrieb Ihrer Gesch\u00e4fte in diesen schwierigen Zeiten unterst\u00fctzen.<\/p>\n\n\n\n<div class=\"wp-block-buttons is-layout-flex wp-block-buttons-is-layout-flex\">\n<div class=\"wp-block-button is-style-fill link-btn\"><a class=\"wp-block-button__link\" href=\"https:\/\/storeforcesolutions.com\/de\/resources\/covid-19-store-reopenings-resources-for-retailers\/\">COVID-19 RESSOURCEN LESEN<\/a><\/div>\n<\/div>\n<\/div>\n\n\n\n<div class=\"wp-block-column mb-5 mb-md-0 is-layout-flow wp-block-column-is-layout-flow\">\n<figure class=\"wp-block-image size-full\"><img decoding=\"async\" width=\"600\" height=\"365\" src=\"https:\/\/storeforcesolutions.com\/de\/wp-content\/uploads\/sites\/8\/2019\/08\/Blog-Cover_v3-e1577103570197.jpg\" alt=\"Women starring at store diplay.\" class=\"wp-image-3566\"\/><\/figure>\n\n\n\n<h2 class=\"has-display-small-font-size wp-block-heading\" id=\"h-blog\">Blog<\/h2>\n\n\n\n<p>Unsere Experten f\u00fcr den Fachhandel teilen hier ihre Erkenntnisse und Analysen des aktuellen Stands im Workforce Management in einer Reihe von Blog-Beitr\u00e4gen.<\/p>\n\n\n\n<div class=\"wp-block-buttons is-layout-flex wp-block-buttons-is-layout-flex\">\n<div class=\"wp-block-button is-style-fill link-btn\"><a class=\"wp-block-button__link\" href=\"https:\/\/storeforcesolutions.com\/de\/blog\/\">BLOG-BEITR\u00c4GE LESEN<\/a><\/div>\n<\/div>\n<\/div>\n\n\n\n<div class=\"wp-block-column is-layout-flow wp-block-column-is-layout-flow\">\n<figure class=\"wp-block-image size-full\"><img loading=\"lazy\" decoding=\"async\" width=\"600\" height=\"365\" src=\"https:\/\/storeforcesolutions.com\/de\/wp-content\/uploads\/sites\/8\/2021\/01\/StoreForce-Resources-Brochure-Cover-o.jpg\" alt=\"StoreForce Brochure Cover\" class=\"wp-image-7345\"\/><\/figure>\n\n\n\n<h2 class=\"has-display-small-font-size wp-block-heading\" id=\"h-brosch-re\">Brosch\u00fcre<\/h2>\n\n\n\n<p>Erfahren Sie mehr \u00fcber StoreForce, unsere Geschichte, das Team und&nbsp;<strong>\u201eWFM+\u201c<\/strong>, unsere Komplettl\u00f6sung f\u00fcr das Workforce und Performance Management.<\/p>\n\n\n\n<div class=\"wp-block-buttons is-layout-flex wp-block-buttons-is-layout-flex\">\n<div class=\"wp-block-button is-style-fill link-btn\"><a class=\"wp-block-button__link\" href=\"https:\/\/storeforcesolutions.com\/de\/wp-content\/uploads\/sites\/8\/2021\/01\/StoreForce-Brochure.pdf\">BROSCH\u00dcRE LESEN<\/a><\/div>\n<\/div>\n<\/div>\n<\/div>\n\n\n\n<div style=\"height:60px\" aria-hidden=\"true\" class=\"wp-block-spacer\"><\/div>\n\n\n\n<div class=\"wp-block-columns has-3-columns mobile-landscape-has-1-columns mobile-portrait-has-1-columns container is-layout-flex wp-container-core-columns-is-layout-4 wp-block-columns-is-layout-flex\">\n<div class=\"wp-block-column mb-5 mb-md-0 is-layout-flow wp-block-column-is-layout-flow\">\n<figure class=\"wp-block-image size-full\"><img loading=\"lazy\" decoding=\"async\" width=\"600\" height=\"365\" src=\"https:\/\/storeforcesolutions.com\/de\/wp-content\/uploads\/sites\/8\/2019\/08\/Case-Studies-Cover_v3-e1577103629195.jpg\" alt=\"Store Associate checking in-store inventory at a store.\" class=\"wp-image-3570\"\/><\/figure>\n\n\n\n<h2 class=\"has-display-small-font-size wp-block-heading\" id=\"h-fallstudien\">Fallstudien<\/h2>\n\n\n\n<p>StoreForce ist ein unverzichtbares Tool f\u00fcr die Verwaltung von Einzelhandelsgesch\u00e4ften. Finden Sie heraus, wie unsere Kunden WFM+ einsetzen, um den Umsatz in ihren Gesch\u00e4ften innerhalb weniger Wochen zu steigern.<\/p>\n\n\n\n<div class=\"wp-block-buttons is-layout-flex wp-block-buttons-is-layout-flex\">\n<div class=\"wp-block-button is-style-fill link-btn\"><a class=\"wp-block-button__link\" href=\"https:\/\/storeforcesolutions.com\/de\/resources\/case-studies\">FALLSTUDIEN LESEN<\/a><\/div>\n<\/div>\n<\/div>\n\n\n\n<div class=\"wp-block-column mb-5 mb-md-0 is-layout-flow wp-block-column-is-layout-flow\">\n<figure class=\"wp-block-image size-full\"><img loading=\"lazy\" decoding=\"async\" width=\"600\" height=\"365\" src=\"https:\/\/storeforcesolutions.com\/de\/wp-content\/uploads\/sites\/8\/2020\/05\/StoreForce-On-Demand-Webinar-Image-for-Event-Page-.jpg\" alt=\"StoreForce - On-Demand Webinar Cover Image\" class=\"wp-image-6040\"\/><\/figure>\n\n\n\n<h2 class=\"has-display-small-font-size wp-block-heading\" id=\"h-on-demand-webinare\">On-Demand-Webinare<\/h2>\n\n\n\n<p>H\u00f6ren Sie unsere Erkenntnisse und Empfehlungen zum Thema Einzelhandelsperformance und Workforce Management, exklusiv f\u00fcr den Fachhandel.<\/p>\n\n\n\n<div class=\"wp-block-buttons is-layout-flex wp-block-buttons-is-layout-flex\">\n<div class=\"wp-block-button is-style-fill link-btn\"><a class=\"wp-block-button__link\" href=\"https:\/\/storeforcesolutions.com\/de\/resources\/webinar\/\">ON-DEMAND-WEBINARE ANH\u00d6REN<\/a><\/div>\n<\/div>\n<\/div>\n\n\n\n<div class=\"wp-block-column is-layout-flow wp-block-column-is-layout-flow\">\n<figure class=\"wp-block-image size-full\"><img loading=\"lazy\" decoding=\"async\" width=\"600\" height=\"365\" src=\"https:\/\/storeforcesolutions.com\/de\/wp-content\/uploads\/sites\/8\/2019\/08\/Whitepaper-Cover_v3-e1577103605381.jpg\" alt=\"Customer paying at the POS counter.\" class=\"wp-image-3568\"\/><\/figure>\n\n\n\n<h2 class=\"has-display-small-font-size wp-block-heading\" id=\"h-white-paper\">White Paper<\/h2>\n\n\n\n<p>White Papers von Vordenkern zu den neuesten Entwicklungen im Fachhandel, Workforce Management und Einzelhandelsperformance.<\/p>\n\n\n\n<div class=\"wp-block-buttons is-layout-flex wp-block-buttons-is-layout-flex\">\n<div class=\"wp-block-button is-style-fill link-btn\"><a class=\"wp-block-button__link\" href=\"https:\/\/storeforcesolutions.com\/de\/resources\/white-papers\/\">WHITEPAPER HERUNTERLADEN<\/a><\/div>\n<\/div>\n<\/div>\n<\/div>\n\n\n\n<div style=\"height:100px\" aria-hidden=\"true\" class=\"wp-block-spacer\"><\/div>\n\n\n\n<div class=\"wp-block-columns mb-0 has-background is-layout-flex wp-container-core-columns-is-layout-6 wp-block-columns-is-layout-flex\" style=\"background-color:#002f6b\">\n<div class=\"wp-block-column container is-layout-flow wp-block-column-is-layout-flow\">\n<div style=\"height:40px\" aria-hidden=\"true\" class=\"wp-block-spacer\"><\/div>\n\n\n\n<h3 class=\"has-text-align-center has-whitecolor has-display-medium-font-size mb-2 wp-block-heading\" id=\"h-vereinbaren-sie-noch-heute-einen-beratungstermin-mit-unseren-einzelhandelsexperten\">Vereinbaren Sie noch heute einen Beratungstermin mit <br>unseren Einzelhandelsexperten<br><\/h3>\n\n\n\n<p class=\"has-text-align-center has-whitecolor has-body-large-font-size\">Kontaktieren Sie uns noch heute, um in einem 15-min\u00fctigen Gespr\u00e4ch zu besprechen, wie StoreForce Sie dabei unterst\u00fctzen kann, Ihr Gesch\u00e4ft leistungsf\u00e4higer zu machen&nbsp;\u2013 und es kostet weniger als eine Transaktion pro Woche! Erfahren Sie, wie Einzelh\u00e4ndler auf der ganzen Welt ihre Leistung und das Kundenerlebnis mit unserer exklusiv f\u00fcr den Fachhandel entwickelten L\u00f6sung steigern.<a href=\"https:\/\/www.storeforcesolutions.com\/book-a-demo\/\"><\/a><\/p>\n\n\n\n<div class=\"wp-block-columns is-layout-flex wp-container-core-columns-is-layout-5 wp-block-columns-is-layout-flex\">\n<div class=\"wp-block-column container center-align-block is-layout-flow wp-block-column-is-layout-flow\">\n<div style=\"height:20px\" aria-hidden=\"true\" class=\"wp-block-spacer\"><\/div>\n\n\n\n<div class=\"wp-block-buttons is-horizontal is-content-justification-center is-layout-flex wp-container-core-buttons-is-layout-7 wp-block-buttons-is-layout-flex\">\n<div class=\"wp-block-button has-green-border-btn\"><a class=\"wp-block-button__link has-white-color has-text-color\" href=\"https:\/\/storeforcesolutions.com\/de\/demo-buchen\/\">Anruf anfordern<\/a><\/div>\n<\/div>\n<\/div>\n<\/div>\n<\/div>\n<\/div>\n","protected":false},"excerpt":{"rendered":"<p>RESSOURCEN Die neuesten Erkenntnisse, Denkans\u00e4tze und Markttrends im Fachhandel Stay informed on the latestBleiben Sie \u00fcber die neuesten Erkenntnisse, Denkans\u00e4tze und Trends im Fachhandel auf dem Laufenden. Informieren Sie sich \u00fcber Workforce und Performance Management, Gesch\u00e4ftsf\u00fchrung und Mitarbeiterengagement. SmallArrowDown Wiederer\u00f6ffnung von Gesch\u00e4ften nach COVID-19: Ressourcen f\u00fcr Einzelh\u00e4ndler Insights and suggestions to Erkenntnisse und Empfehlungen, die [&hellip;]<\/p>\n","protected":false},"author":8,"featured_media":0,"parent":0,"menu_order":0,"comment_status":"closed","ping_status":"closed","template":"","meta":{"_acf_changed":false,"content-type":"","footnotes":""},"class_list":["post-3142","page","type-page","status-publish","hentry"],"acf":[],"yoast_head":"<!-- This site is optimized with the Yoast SEO plugin v26.0 - https:\/\/yoast.com\/wordpress\/plugins\/seo\/ -->\n<title>Storeforce Deutsch - Ressourcen<\/title>\n<meta name=\"description\" content=\"Stay informed on the latest insights, thought leadership, and trends of the specialty retail market. Read about workforce and performance management, store execution, and employee engagement.\" \/>\n<meta name=\"robots\" content=\"index, follow, max-snippet:-1, max-image-preview:large, max-video-preview:-1\" \/>\n<link rel=\"canonical\" href=\"https:\/\/storeforcesolutions.com\/de\/ressourcen\/\" \/>\n<meta property=\"og:locale\" content=\"en_US\" \/>\n<meta property=\"og:type\" content=\"article\" \/>\n<meta property=\"og:title\" content=\"Storeforce Deutsch - Ressourcen\" \/>\n<meta property=\"og:description\" content=\"Stay informed on the latest insights, thought leadership, and trends of the specialty retail market. Read about workforce and performance management, store execution, and employee engagement.\" \/>\n<meta property=\"og:url\" content=\"https:\/\/storeforcesolutions.com\/de\/ressourcen\/\" \/>\n<meta property=\"og:site_name\" content=\"Storeforce Deutsch\" \/>\n<meta property=\"article:modified_time\" content=\"2022-05-20T11:57:30+00:00\" \/>\n<meta property=\"og:image\" content=\"https:\/\/storeforcesolutions.com\/de\/wp-content\/uploads\/sites\/8\/2019\/12\/StoreForce-Resources.jpg\" \/>\n<meta name=\"twitter:card\" content=\"summary_large_image\" \/>\n<meta name=\"twitter:label1\" content=\"Est. reading time\" \/>\n\t<meta name=\"twitter:data1\" content=\"3 minutes\" \/>\n<script type=\"application\/ld+json\" class=\"yoast-schema-graph\">{\"@context\":\"https:\/\/schema.org\",\"@graph\":[{\"@type\":\"WebPage\",\"@id\":\"https:\/\/storeforcesolutions.com\/de\/ressourcen\/\",\"url\":\"https:\/\/storeforcesolutions.com\/de\/ressourcen\/\",\"name\":\"Storeforce Deutsch - Ressourcen\",\"isPartOf\":{\"@id\":\"https:\/\/storeforcesolutions.com\/de\/#website\"},\"primaryImageOfPage\":{\"@id\":\"https:\/\/storeforcesolutions.com\/de\/ressourcen\/#primaryimage\"},\"image\":{\"@id\":\"https:\/\/storeforcesolutions.com\/de\/ressourcen\/#primaryimage\"},\"thumbnailUrl\":\"https:\/\/storeforcesolutions.com\/de\/wp-content\/uploads\/sites\/8\/2019\/12\/StoreForce-Resources.jpg\",\"datePublished\":\"2019-07-31T20:31:57+00:00\",\"dateModified\":\"2022-05-20T11:57:30+00:00\",\"description\":\"Stay informed on the latest insights, thought leadership, and trends of the specialty retail market. Read about workforce and performance management, store execution, and employee engagement.\",\"inLanguage\":\"en-US\",\"potentialAction\":[{\"@type\":\"ReadAction\",\"target\":[\"https:\/\/storeforcesolutions.com\/de\/ressourcen\/\"]}]},{\"@type\":\"ImageObject\",\"inLanguage\":\"en-US\",\"@id\":\"https:\/\/storeforcesolutions.com\/de\/ressourcen\/#primaryimage\",\"url\":\"https:\/\/storeforcesolutions.com\/de\/wp-content\/uploads\/sites\/8\/2019\/12\/StoreForce-Resources.jpg\",\"contentUrl\":\"https:\/\/storeforcesolutions.com\/de\/wp-content\/uploads\/sites\/8\/2019\/12\/StoreForce-Resources.jpg\",\"width\":1200,\"height\":367},{\"@type\":\"WebSite\",\"@id\":\"https:\/\/storeforcesolutions.com\/de\/#website\",\"url\":\"https:\/\/storeforcesolutions.com\/de\/\",\"name\":\"Storeforce Deutsch\",\"description\":\"\",\"publisher\":{\"@id\":\"https:\/\/storeforcesolutions.com\/de\/#organization\"},\"potentialAction\":[{\"@type\":\"SearchAction\",\"target\":{\"@type\":\"EntryPoint\",\"urlTemplate\":\"https:\/\/storeforcesolutions.com\/de\/?s={search_term_string}\"},\"query-input\":{\"@type\":\"PropertyValueSpecification\",\"valueRequired\":true,\"valueName\":\"search_term_string\"}}],\"inLanguage\":\"en-US\"},{\"@type\":\"Organization\",\"@id\":\"https:\/\/storeforcesolutions.com\/de\/#organization\",\"name\":\"Storeforce Deutsch\",\"url\":\"https:\/\/storeforcesolutions.com\/de\/\",\"logo\":{\"@type\":\"ImageObject\",\"inLanguage\":\"en-US\",\"@id\":\"https:\/\/storeforcesolutions.com\/de\/#\/schema\/logo\/image\/\",\"url\":\"https:\/\/storeforcesolutions.com\/de\/wp-content\/uploads\/sites\/8\/2022\/05\/i-storeceforce-icon.svg\",\"contentUrl\":\"https:\/\/storeforcesolutions.com\/de\/wp-content\/uploads\/sites\/8\/2022\/05\/i-storeceforce-icon.svg\",\"width\":225,\"height\":58,\"caption\":\"Storeforce Deutsch\"},\"image\":{\"@id\":\"https:\/\/storeforcesolutions.com\/de\/#\/schema\/logo\/image\/\"}}]}<\/script>\n<!-- \/ Yoast SEO plugin. -->","yoast_head_json":{"title":"Storeforce Deutsch - Ressourcen","description":"Stay informed on the latest insights, thought leadership, and trends of the specialty retail market. Read about workforce and performance management, store execution, and employee engagement.","robots":{"index":"index","follow":"follow","max-snippet":"max-snippet:-1","max-image-preview":"max-image-preview:large","max-video-preview":"max-video-preview:-1"},"canonical":"https:\/\/storeforcesolutions.com\/de\/ressourcen\/","og_locale":"en_US","og_type":"article","og_title":"Storeforce Deutsch - Ressourcen","og_description":"Stay informed on the latest insights, thought leadership, and trends of the specialty retail market. Read about workforce and performance management, store execution, and employee engagement.","og_url":"https:\/\/storeforcesolutions.com\/de\/ressourcen\/","og_site_name":"Storeforce Deutsch","article_modified_time":"2022-05-20T11:57:30+00:00","og_image":[{"url":"https:\/\/storeforcesolutions.com\/de\/wp-content\/uploads\/sites\/8\/2019\/12\/StoreForce-Resources.jpg","type":"","width":"","height":""}],"twitter_card":"summary_large_image","twitter_misc":{"Est. reading time":"3 minutes"},"schema":{"@context":"https:\/\/schema.org","@graph":[{"@type":"WebPage","@id":"https:\/\/storeforcesolutions.com\/de\/ressourcen\/","url":"https:\/\/storeforcesolutions.com\/de\/ressourcen\/","name":"Storeforce Deutsch - Ressourcen","isPartOf":{"@id":"https:\/\/storeforcesolutions.com\/de\/#website"},"primaryImageOfPage":{"@id":"https:\/\/storeforcesolutions.com\/de\/ressourcen\/#primaryimage"},"image":{"@id":"https:\/\/storeforcesolutions.com\/de\/ressourcen\/#primaryimage"},"thumbnailUrl":"https:\/\/storeforcesolutions.com\/de\/wp-content\/uploads\/sites\/8\/2019\/12\/StoreForce-Resources.jpg","datePublished":"2019-07-31T20:31:57+00:00","dateModified":"2022-05-20T11:57:30+00:00","description":"Stay informed on the latest insights, thought leadership, and trends of the specialty retail market. Read about workforce and performance management, store execution, and employee engagement.","inLanguage":"en-US","potentialAction":[{"@type":"ReadAction","target":["https:\/\/storeforcesolutions.com\/de\/ressourcen\/"]}]},{"@type":"ImageObject","inLanguage":"en-US","@id":"https:\/\/storeforcesolutions.com\/de\/ressourcen\/#primaryimage","url":"https:\/\/storeforcesolutions.com\/de\/wp-content\/uploads\/sites\/8\/2019\/12\/StoreForce-Resources.jpg","contentUrl":"https:\/\/storeforcesolutions.com\/de\/wp-content\/uploads\/sites\/8\/2019\/12\/StoreForce-Resources.jpg","width":1200,"height":367},{"@type":"WebSite","@id":"https:\/\/storeforcesolutions.com\/de\/#website","url":"https:\/\/storeforcesolutions.com\/de\/","name":"Storeforce Deutsch","description":"","publisher":{"@id":"https:\/\/storeforcesolutions.com\/de\/#organization"},"potentialAction":[{"@type":"SearchAction","target":{"@type":"EntryPoint","urlTemplate":"https:\/\/storeforcesolutions.com\/de\/?s={search_term_string}"},"query-input":{"@type":"PropertyValueSpecification","valueRequired":true,"valueName":"search_term_string"}}],"inLanguage":"en-US"},{"@type":"Organization","@id":"https:\/\/storeforcesolutions.com\/de\/#organization","name":"Storeforce Deutsch","url":"https:\/\/storeforcesolutions.com\/de\/","logo":{"@type":"ImageObject","inLanguage":"en-US","@id":"https:\/\/storeforcesolutions.com\/de\/#\/schema\/logo\/image\/","url":"https:\/\/storeforcesolutions.com\/de\/wp-content\/uploads\/sites\/8\/2022\/05\/i-storeceforce-icon.svg","contentUrl":"https:\/\/storeforcesolutions.com\/de\/wp-content\/uploads\/sites\/8\/2022\/05\/i-storeceforce-icon.svg","width":225,"height":58,"caption":"Storeforce Deutsch"},"image":{"@id":"https:\/\/storeforcesolutions.com\/de\/#\/schema\/logo\/image\/"}}]}},"_links":{"self":[{"href":"https:\/\/storeforcesolutions.com\/de\/wp-json\/wp\/v2\/pages\/3142","targetHints":{"allow":["GET"]}}],"collection":[{"href":"https:\/\/storeforcesolutions.com\/de\/wp-json\/wp\/v2\/pages"}],"about":[{"href":"https:\/\/storeforcesolutions.com\/de\/wp-json\/wp\/v2\/types\/page"}],"author":[{"embeddable":true,"href":"https:\/\/storeforcesolutions.com\/de\/wp-json\/wp\/v2\/users\/8"}],"replies":[{"embeddable":true,"href":"https:\/\/storeforcesolutions.com\/de\/wp-json\/wp\/v2\/comments?post=3142"}],"version-history":[{"count":0,"href":"https:\/\/storeforcesolutions.com\/de\/wp-json\/wp\/v2\/pages\/3142\/revisions"}],"wp:attachment":[{"href":"https:\/\/storeforcesolutions.com\/de\/wp-json\/wp\/v2\/media?parent=3142"}],"curies":[{"name":"wp","href":"https:\/\/api.w.org\/{rel}","templated":true}]}}