{"id":161,"date":"2019-04-10T21:39:33","date_gmt":"2019-04-10T21:39:33","guid":{"rendered":"https:\/\/wordpress-402808-2566796.cloudwaysapps.com\/de\/?page_id=161"},"modified":"2024-01-23T09:53:17","modified_gmt":"2024-01-23T14:53:17","slug":"kontakt","status":"publish","type":"page","link":"https:\/\/storeforcesolutions.com\/de\/kontakt\/","title":{"rendered":"Kontakt"},"content":{"rendered":"\n<style>  .hbspt-form form fieldset .field select{  color: var(--brand-7-color, #000);\n    height: calc(6 * var(--baseline, 8px));\n    padding: calc(1 * var(--baseline, 8px));\n    border: 1px solid var(--brand-9-color, grey);\n    border-radius: 3px;\n    -webkit-transition-property: border-color;\n    transition-property: border-color;\n    -webkit-transition-duration: 0.3s;\n    transition-duration: 0.3s;\n    -webkit-transition-timing-function: ease;\n    transition-timing-function: ease;\n    -webkit-transition-delay: 0s;\n    transition-delay: 0s;\n    width: 100% !important;}<\/style>\n\n\n\n<div class=\"wp-block-columns hero__block is-layout-flex wp-container-core-columns-is-layout-2 wp-block-columns-is-layout-flex\">\n<div class=\"wp-block-column hero__container-main is-layout-flow wp-block-column-is-layout-flow\">\n<div class=\"wp-block-columns is-layout-flex wp-container-core-columns-is-layout-1 wp-block-columns-is-layout-flex\">\n<div class=\"wp-block-column container hero__container has-whitecolor is-layout-flow wp-block-column-is-layout-flow\">\n<div style=\"height:50px\" aria-hidden=\"true\" class=\"wp-block-spacer\"><\/div>\n\n\n\n<h1 class=\"wp-block-heading has-text-align-center\" id=\"h-kontakt\">Kontakt<\/h1>\n\n\n\n<p class=\"has-text-align-center has-whitecolor has-body-large-font-size\">Wir sind gerne bereit, Ihnen bei allen Fragen zu helfen. Wenn Sie Fragen zu Preisen, Demos, Karriere oder Presseanfragen haben, wenden Sie sich bitte an die StoreForce-Niederlassung in Ihrer N\u00e4he oder f\u00fcllen Sie das untenstehende Formular aus. <\/p>\n\n\n\n<p><\/p>\n\n\n\n<p class=\"has-text-align-center has-whitecolor has-body-large-font-size\">Wenn Sie ein bestehender StoreForce-Benutzer sind und Unterst\u00fctzung ben\u00f6tigen, verwenden Sie bitte unser&nbsp;<a href=\"https:\/\/storeforcesolutions.com\/de\/support-de\/\">Support-Formular<\/a><\/p>\n\n\n\n<div style=\"height:40px\" aria-hidden=\"true\" class=\"wp-block-spacer\"><\/div>\n\n\n\n<div style=\"height:50px\" aria-hidden=\"true\" class=\"wp-block-spacer\"><\/div>\n<\/div>\n<\/div>\n\n\n\n<figure class=\"wp-block-image size-full hero__image\"><img fetchpriority=\"high\" decoding=\"async\" width=\"1920\" height=\"367\" src=\"https:\/\/storeforcesolutions.com\/de\/wp-content\/uploads\/sites\/8\/2023\/03\/Contact-Us-Web-Banner.jpg\" alt=\"\" class=\"wp-image-19277\" srcset=\"https:\/\/storeforcesolutions.com\/de\/wp-content\/uploads\/sites\/8\/2023\/03\/Contact-Us-Web-Banner.jpg 1920w, https:\/\/storeforcesolutions.com\/de\/wp-content\/uploads\/sites\/8\/2023\/03\/Contact-Us-Web-Banner-300x57.jpg 300w, https:\/\/storeforcesolutions.com\/de\/wp-content\/uploads\/sites\/8\/2023\/03\/Contact-Us-Web-Banner-1024x196.jpg 1024w, https:\/\/storeforcesolutions.com\/de\/wp-content\/uploads\/sites\/8\/2023\/03\/Contact-Us-Web-Banner-768x147.jpg 768w, https:\/\/storeforcesolutions.com\/de\/wp-content\/uploads\/sites\/8\/2023\/03\/Contact-Us-Web-Banner-1536x294.jpg 1536w\" sizes=\"(max-width: 1920px) 100vw, 1920px\" \/><\/figure>\n<\/div>\n<\/div>\n\n\n\n<div class=\"wp-block-columns is-layout-flex wp-container-core-columns-is-layout-3 wp-block-columns-is-layout-flex\">\n<div class=\"wp-block-column container is-layout-flow wp-block-column-is-layout-flow\">\n<div style=\"height:80px\" aria-hidden=\"true\" class=\"wp-block-spacer space-30-mobile\"><\/div>\n<\/div>\n<\/div>\n\n\n\n<div class=\"wp-block-columns is-layout-flex wp-container-core-columns-is-layout-4 wp-block-columns-is-layout-flex\">\n<div class=\"wp-block-column is-layout-flow wp-block-column-is-layout-flow\" style=\"flex-basis:25%\"><\/div>\n\n\n\n<div class=\"wp-block-column p-3 p-md-5 has-background is-layout-flow wp-block-column-is-layout-flow\" style=\"background-color:#f3f4f7;flex-basis:50%\">\n<script charset=\"utf-8\" type=\"text\/javascript\" src=\"\/\/js.hsforms.net\/forms\/v2.js\"><\/script>\n<script>\n  hbspt.forms.create({\n    region: \"na1\",\n    portalId: \"5705506\",\n    formId: \"f78d3eac-88a4-4068-bffd-3055fb2efbe2\"\n  });\n<\/script>\n<\/div>\n\n\n\n<div class=\"wp-block-column is-layout-flow wp-block-column-is-layout-flow\" style=\"flex-basis:25%\"><\/div>\n<\/div>\n\n\n\n<div style=\"height:50px\" aria-hidden=\"true\" class=\"wp-block-spacer space-30-mobile\"><\/div>\n\n\n\n<div class=\"wp-block-columns is-layout-flex wp-container-core-columns-is-layout-15 wp-block-columns-is-layout-flex\">\n<div class=\"wp-block-column is-layout-flow wp-block-column-is-layout-flow\">\n<h2 class=\"wp-block-heading has-text-align-center has-display-small-font-size\" id=\"h-unsere-standorte\">Unsere Standorte<a href=\"https:\/\/goo.gl\/maps\/uptMrU4e2eHwnnrN6\" target=\"_blank\" rel=\"noreferrer noopener\"><\/a><\/h2>\n\n\n\n<div style=\"height:40px\" aria-hidden=\"true\" class=\"wp-block-spacer\"><\/div>\n\n\n\n<div class=\"wp-block-columns container is-layout-flex wp-container-core-columns-is-layout-9 wp-block-columns-is-layout-flex\">\n<div class=\"wp-block-column mb-3 mb-md-0 is-layout-flow wp-block-column-is-layout-flow\">\n<div class=\"wp-block-columns is-layout-flex wp-container-core-columns-is-layout-6 wp-block-columns-is-layout-flex\">\n<div class=\"wp-block-column position-relative reveal-card is-layout-flow wp-block-column-is-layout-flow\">\n<figure class=\"wp-block-image size-full reveal-image\"><img decoding=\"async\" width=\"1140\" height=\"641\" src=\"https:\/\/storeforcesolutions.com\/de\/wp-content\/uploads\/sites\/8\/2019\/06\/north-america-office.jpg\" alt=\"\" class=\"wp-image-1405\"\/><\/figure>\n\n\n\n<div class=\"wp-block-columns reveal-text is-layout-flex wp-container-core-columns-is-layout-5 wp-block-columns-is-layout-flex\">\n<div class=\"wp-block-column is-layout-flow wp-block-column-is-layout-flow\">\n<h2 class=\"wp-block-heading has-whitecolor has-display-small-font-size\" id=\"h-north-america-office\">North America Office<\/h2>\n\n\n\n<h6 class=\"wp-block-heading has-whitecolor has-display-xx-small-font-size\" id=\"h-91-tycos-drive-202-toronto-onm6b-1w3-canada\">91 Tycos Drive, #202, Toronto, ON<br>M6B 1W3, Canada<\/h6>\n<\/div>\n<\/div>\n<\/div>\n<\/div>\n\n\n\n<p>Die Unternehmenszentrale von StoreForce befindet sich in Toronto (Kanada). Rufen Sie uns noch heute an.<\/p>\n\n\n\n<svg version=\"1.1\" xmlns=\"http:\/\/www.w3.org\/2000\/svg\" width=\"16\" height=\"16\" viewBox=\"0 0 1024 1024\" preserveAspectRatio=\"xMidYMid meet\" class=\"rs-icon has-brand-green-color-fill \">\n      \n      <path d=\"M817.647 575.88c-34.891-35.138-91.736-35.194-126.765-0.185l-109.167 109.103-242.352-242.21 109.313-109.249c34.936-34.916 34.992-91.556 0.086-126.53l-148.423-148.566c-35.005-34.984-91.668-34.984-126.655-0.018l-141.406 141.262-0.278 77.024c-0 419.324 336.099 715.489 779.811 715.489h13.249l140.699-140.616c34.915-34.895 35.001-91.393 0.18-126.38l-148.291-149.124zM798.655 927.907c-403.408-5.699-702.655-273.442-702.655-651.281l0.182-50.515 122.739-122.613c10.002-9.996 26.163-9.996 36.16-0.005l148.394 148.537c9.93 9.95 9.914 26.092-0.040 36.041l-154.607 154.517 332.888 332.693 154.408-154.318c9.99-9.984 26.2-9.968 36.126 0.028l148.313 149.146c9.934 9.979 9.91 26.029-0.045 35.978l-121.863 121.792z\"><\/path>\n    <\/svg> <a href=\"tel:+1 (416) 642-7438\" class=\"has-darkgreycolor phone-link\" target=\"_self\" title=\"\" rel=\"noopener\"><strong>+1 (416) 642-7438<\/strong><\/a>\n\n\n\n<p><\/p>\n<\/div>\n\n\n\n<div class=\"wp-block-column is-layout-flow wp-block-column-is-layout-flow\">\n<div class=\"wp-block-columns is-layout-flex wp-container-core-columns-is-layout-8 wp-block-columns-is-layout-flex\">\n<div class=\"wp-block-column position-relative reveal-card is-layout-flow wp-block-column-is-layout-flow\">\n<figure class=\"wp-block-image size-full reveal-image\"><img decoding=\"async\" width=\"1140\" height=\"641\" src=\"https:\/\/storeforcesolutions.com\/de\/wp-content\/uploads\/sites\/8\/2019\/06\/uk-office.jpg\" alt=\"\" class=\"wp-image-1407\"\/><\/figure>\n\n\n\n<div class=\"wp-block-columns reveal-text is-layout-flex wp-container-core-columns-is-layout-7 wp-block-columns-is-layout-flex\">\n<div class=\"wp-block-column is-layout-flow wp-block-column-is-layout-flow\">\n<h2 class=\"wp-block-heading has-whitecolor has-display-small-font-size\" id=\"h-europe-uk-office\">Europe &amp; UK Office<\/h2>\n\n\n\n<h6 class=\"wp-block-heading has-whitecolor has-display-xx-small-font-size\" id=\"h-62-63-maltings-place-169-tower-bridge-road-london-se1-3lj-united-kingdom\">62-63 Maltings Place 169 Tower Bridge Road, <br>London, SE1 3LJ, United kingdom<\/h6>\n<\/div>\n<\/div>\n<\/div>\n<\/div>\n\n\n\n<p>Die europ\u00e4ische Niederlassung von StoreForce befindet sich in London (England). Rufen Sie uns noch heute an.<\/p>\n\n\n\n<svg version=\"1.1\" xmlns=\"http:\/\/www.w3.org\/2000\/svg\" width=\"16\" height=\"16\" viewBox=\"0 0 1024 1024\" preserveAspectRatio=\"xMidYMid meet\" class=\"rs-icon has-brand-green-color-fill \">\n      \n      <path d=\"M817.647 575.88c-34.891-35.138-91.736-35.194-126.765-0.185l-109.167 109.103-242.352-242.21 109.313-109.249c34.936-34.916 34.992-91.556 0.086-126.53l-148.423-148.566c-35.005-34.984-91.668-34.984-126.655-0.018l-141.406 141.262-0.278 77.024c-0 419.324 336.099 715.489 779.811 715.489h13.249l140.699-140.616c34.915-34.895 35.001-91.393 0.18-126.38l-148.291-149.124zM798.655 927.907c-403.408-5.699-702.655-273.442-702.655-651.281l0.182-50.515 122.739-122.613c10.002-9.996 26.163-9.996 36.16-0.005l148.394 148.537c9.93 9.95 9.914 26.092-0.040 36.041l-154.607 154.517 332.888 332.693 154.408-154.318c9.99-9.984 26.2-9.968 36.126 0.028l148.313 149.146c9.934 9.979 9.91 26.029-0.045 35.978l-121.863 121.792z\"><\/path>\n    <\/svg> <a href=\"tel:+44 20 7139 5075\" class=\"has-darkgreycolor phone-link\" target=\"_self\" title=\"\" rel=\"noopener\"><strong>+44 20 7139 5075<\/strong><\/a>\n\n\n\n<p><\/p>\n<\/div>\n<\/div>\n\n\n\n<div style=\"height:20px\" aria-hidden=\"true\" class=\"wp-block-spacer\"><\/div>\n\n\n\n<div class=\"wp-block-columns container is-layout-flex wp-container-core-columns-is-layout-14 wp-block-columns-is-layout-flex\">\n<div class=\"wp-block-column mb-3 mb-md-0 is-layout-flow wp-block-column-is-layout-flow\">\n<div class=\"wp-block-columns is-layout-flex wp-container-core-columns-is-layout-11 wp-block-columns-is-layout-flex\">\n<div class=\"wp-block-column position-relative reveal-card is-layout-flow wp-block-column-is-layout-flow\">\n<figure class=\"wp-block-image size-full reveal-image\"><img loading=\"lazy\" decoding=\"async\" width=\"1140\" height=\"642\" src=\"https:\/\/storeforcesolutions.com\/de\/wp-content\/uploads\/sites\/8\/2019\/06\/australia-office.jpg\" alt=\"\" class=\"wp-image-1408\"\/><\/figure>\n\n\n\n<div class=\"wp-block-columns reveal-text is-layout-flex wp-container-core-columns-is-layout-10 wp-block-columns-is-layout-flex\">\n<div class=\"wp-block-column is-layout-flow wp-block-column-is-layout-flow\">\n<h2 class=\"wp-block-heading has-whitecolor has-display-small-font-size\" id=\"h-australia-office\">Australia Office<\/h2>\n\n\n\n<h6 class=\"wp-block-heading has-whitecolor has-display-xx-small-font-size\" id=\"h-level-22-westfield-tower-2-101-grafton-streetbondi-junction-nsw-2022-australia\">NSW Australia<\/h6>\n<\/div>\n<\/div>\n<\/div>\n<\/div>\n\n\n\n<p>Die australische Niederlassung von StoreForce befindet sich in Sydney. Rufen Sie uns noch heute an.<\/p>\n\n\n\n<svg version=\"1.1\" xmlns=\"http:\/\/www.w3.org\/2000\/svg\" width=\"16\" height=\"16\" viewBox=\"0 0 1024 1024\" preserveAspectRatio=\"xMidYMid meet\" class=\"rs-icon has-brand-green-color-fill \">\n      \n      <path d=\"M817.647 575.88c-34.891-35.138-91.736-35.194-126.765-0.185l-109.167 109.103-242.352-242.21 109.313-109.249c34.936-34.916 34.992-91.556 0.086-126.53l-148.423-148.566c-35.005-34.984-91.668-34.984-126.655-0.018l-141.406 141.262-0.278 77.024c-0 419.324 336.099 715.489 779.811 715.489h13.249l140.699-140.616c34.915-34.895 35.001-91.393 0.18-126.38l-148.291-149.124zM798.655 927.907c-403.408-5.699-702.655-273.442-702.655-651.281l0.182-50.515 122.739-122.613c10.002-9.996 26.163-9.996 36.16-0.005l148.394 148.537c9.93 9.95 9.914 26.092-0.040 36.041l-154.607 154.517 332.888 332.693 154.408-154.318c9.99-9.984 26.2-9.968 36.126 0.028l148.313 149.146c9.934 9.979 9.91 26.029-0.045 35.978l-121.863 121.792z\"><\/path>\n    <\/svg> <a href=\"tel:+61 438 362 438\" class=\"has-darkgreycolor phone-link\" target=\"_self\" title=\"\" rel=\"noopener\"><strong>+61 438 362 438<\/strong><\/a>\n\n\n\n<p><\/p>\n<\/div>\n\n\n\n<div class=\"wp-block-column is-layout-flow wp-block-column-is-layout-flow\">\n<div class=\"wp-block-columns is-layout-flex wp-container-core-columns-is-layout-13 wp-block-columns-is-layout-flex\">\n<div class=\"wp-block-column position-relative reveal-card is-layout-flow wp-block-column-is-layout-flow\">\n<figure class=\"wp-block-image size-full reveal-image\"><img loading=\"lazy\" decoding=\"async\" width=\"1140\" height=\"642\" src=\"https:\/\/storeforcesolutions.com\/de\/wp-content\/uploads\/sites\/8\/2019\/06\/south-africa-office.jpg\" alt=\"\" class=\"wp-image-1409\"\/><\/figure>\n\n\n\n<div class=\"wp-block-columns reveal-text is-layout-flex wp-container-core-columns-is-layout-12 wp-block-columns-is-layout-flex\">\n<div class=\"wp-block-column is-layout-flow wp-block-column-is-layout-flow\">\n<h2 class=\"wp-block-heading has-whitecolor has-display-small-font-size\" id=\"h-south-africa-office\">South Africa Office<\/h2>\n\n\n\n<h6 class=\"wp-block-heading has-whitecolor has-display-xx-small-font-size\" id=\"h-1-youngs-way-cape-town-western-cape794-south-africa\">1 Youngs Way, Cape Town, Western Cape<br>794, South Africa<\/h6>\n<\/div>\n<\/div>\n<\/div>\n<\/div>\n\n\n\n<p>Die s\u00fcdafrikanische Niederlassung von StoreForce befindet sich in Kapstadt. Rufen Sie uns noch heute an.<\/p>\n\n\n\n<svg version=\"1.1\" xmlns=\"http:\/\/www.w3.org\/2000\/svg\" width=\"16\" height=\"16\" viewBox=\"0 0 1024 1024\" preserveAspectRatio=\"xMidYMid meet\" class=\"rs-icon has-brand-green-color-fill \">\n      \n      <path d=\"M817.647 575.88c-34.891-35.138-91.736-35.194-126.765-0.185l-109.167 109.103-242.352-242.21 109.313-109.249c34.936-34.916 34.992-91.556 0.086-126.53l-148.423-148.566c-35.005-34.984-91.668-34.984-126.655-0.018l-141.406 141.262-0.278 77.024c-0 419.324 336.099 715.489 779.811 715.489h13.249l140.699-140.616c34.915-34.895 35.001-91.393 0.18-126.38l-148.291-149.124zM798.655 927.907c-403.408-5.699-702.655-273.442-702.655-651.281l0.182-50.515 122.739-122.613c10.002-9.996 26.163-9.996 36.16-0.005l148.394 148.537c9.93 9.95 9.914 26.092-0.040 36.041l-154.607 154.517 332.888 332.693 154.408-154.318c9.99-9.984 26.2-9.968 36.126 0.028l148.313 149.146c9.934 9.979 9.91 26.029-0.045 35.978l-121.863 121.792z\"><\/path>\n    <\/svg> <a href=\"tel:+27 82 9019034\" class=\"has-darkgreycolor phone-link\" target=\"_self\" title=\"\" rel=\"noopener\"><strong>+27 82 9019034<\/strong><\/a>\n\n\n\n<p><\/p>\n<\/div>\n<\/div>\n<\/div>\n<\/div>\n\n\n\n<div style=\"height:100px\" aria-hidden=\"true\" class=\"wp-block-spacer space-30-mobile\"><\/div>\n","protected":false},"excerpt":{"rendered":"<p>Kontakt Wir sind gerne bereit, Ihnen bei allen Fragen zu helfen. Wenn Sie Fragen zu Preisen, Demos, Karriere oder Presseanfragen haben, wenden Sie sich bitte an die StoreForce-Niederlassung in Ihrer N\u00e4he oder f\u00fcllen Sie das untenstehende Formular aus. Wenn Sie ein bestehender StoreForce-Benutzer sind und Unterst\u00fctzung ben\u00f6tigen, verwenden Sie bitte unser&nbsp;Support-Formular Unsere Standorte North America [&hellip;]<\/p>\n","protected":false},"author":8,"featured_media":0,"parent":0,"menu_order":0,"comment_status":"closed","ping_status":"closed","template":"","meta":{"_acf_changed":false,"content-type":"","footnotes":""},"class_list":["post-161","page","type-page","status-publish","hentry"],"acf":[],"yoast_head":"<!-- This site is optimized with the Yoast SEO plugin v26.0 - https:\/\/yoast.com\/wordpress\/plugins\/seo\/ -->\n<title>StoreForce | Contact Us<\/title>\n<meta name=\"description\" content=\"Contact us for a one-on-one demo. See how retailers all over the world are driving performance and customer service through our retail operational tools.\" \/>\n<meta name=\"robots\" content=\"index, follow, max-snippet:-1, max-image-preview:large, max-video-preview:-1\" \/>\n<link rel=\"canonical\" href=\"https:\/\/storeforcesolutions.com\/de\/kontakt\/\" \/>\n<meta property=\"og:locale\" content=\"en_US\" \/>\n<meta property=\"og:type\" content=\"article\" \/>\n<meta property=\"og:title\" content=\"StoreForce | Contact Us\" \/>\n<meta property=\"og:description\" content=\"Contact us for a one-on-one demo. See how retailers all over the world are driving performance and customer service through our retail operational tools.\" \/>\n<meta property=\"og:url\" content=\"https:\/\/storeforcesolutions.com\/de\/kontakt\/\" \/>\n<meta property=\"og:site_name\" content=\"Storeforce Deutsch\" \/>\n<meta property=\"article:modified_time\" content=\"2024-01-23T14:53:17+00:00\" \/>\n<meta property=\"og:image\" content=\"https:\/\/storeforcesolutions.com\/de\/wp-content\/uploads\/sites\/8\/2023\/03\/Contact-Us-Web-Banner.jpg\" \/>\n<meta name=\"twitter:card\" content=\"summary_large_image\" \/>\n<meta name=\"twitter:label1\" content=\"Est. reading time\" \/>\n\t<meta name=\"twitter:data1\" content=\"2 minutes\" \/>\n<script type=\"application\/ld+json\" class=\"yoast-schema-graph\">{\"@context\":\"https:\/\/schema.org\",\"@graph\":[{\"@type\":\"WebPage\",\"@id\":\"https:\/\/storeforcesolutions.com\/de\/kontakt\/\",\"url\":\"https:\/\/storeforcesolutions.com\/de\/kontakt\/\",\"name\":\"StoreForce | Contact Us\",\"isPartOf\":{\"@id\":\"https:\/\/storeforcesolutions.com\/de\/#website\"},\"primaryImageOfPage\":{\"@id\":\"https:\/\/storeforcesolutions.com\/de\/kontakt\/#primaryimage\"},\"image\":{\"@id\":\"https:\/\/storeforcesolutions.com\/de\/kontakt\/#primaryimage\"},\"thumbnailUrl\":\"https:\/\/storeforcesolutions.com\/de\/wp-content\/uploads\/sites\/8\/2023\/03\/Contact-Us-Web-Banner.jpg\",\"datePublished\":\"2019-04-10T21:39:33+00:00\",\"dateModified\":\"2024-01-23T14:53:17+00:00\",\"description\":\"Contact us for a one-on-one demo. See how retailers all over the world are driving performance and customer service through our retail operational tools.\",\"inLanguage\":\"en-US\",\"potentialAction\":[{\"@type\":\"ReadAction\",\"target\":[\"https:\/\/storeforcesolutions.com\/de\/kontakt\/\"]}]},{\"@type\":\"ImageObject\",\"inLanguage\":\"en-US\",\"@id\":\"https:\/\/storeforcesolutions.com\/de\/kontakt\/#primaryimage\",\"url\":\"https:\/\/storeforcesolutions.com\/de\/wp-content\/uploads\/sites\/8\/2023\/03\/Contact-Us-Web-Banner.jpg\",\"contentUrl\":\"https:\/\/storeforcesolutions.com\/de\/wp-content\/uploads\/sites\/8\/2023\/03\/Contact-Us-Web-Banner.jpg\",\"width\":1920,\"height\":367},{\"@type\":\"WebSite\",\"@id\":\"https:\/\/storeforcesolutions.com\/de\/#website\",\"url\":\"https:\/\/storeforcesolutions.com\/de\/\",\"name\":\"Storeforce Deutsch\",\"description\":\"\",\"publisher\":{\"@id\":\"https:\/\/storeforcesolutions.com\/de\/#organization\"},\"potentialAction\":[{\"@type\":\"SearchAction\",\"target\":{\"@type\":\"EntryPoint\",\"urlTemplate\":\"https:\/\/storeforcesolutions.com\/de\/?s={search_term_string}\"},\"query-input\":{\"@type\":\"PropertyValueSpecification\",\"valueRequired\":true,\"valueName\":\"search_term_string\"}}],\"inLanguage\":\"en-US\"},{\"@type\":\"Organization\",\"@id\":\"https:\/\/storeforcesolutions.com\/de\/#organization\",\"name\":\"Storeforce Deutsch\",\"url\":\"https:\/\/storeforcesolutions.com\/de\/\",\"logo\":{\"@type\":\"ImageObject\",\"inLanguage\":\"en-US\",\"@id\":\"https:\/\/storeforcesolutions.com\/de\/#\/schema\/logo\/image\/\",\"url\":\"https:\/\/storeforcesolutions.com\/de\/wp-content\/uploads\/sites\/8\/2022\/05\/i-storeceforce-icon.svg\",\"contentUrl\":\"https:\/\/storeforcesolutions.com\/de\/wp-content\/uploads\/sites\/8\/2022\/05\/i-storeceforce-icon.svg\",\"width\":225,\"height\":58,\"caption\":\"Storeforce Deutsch\"},\"image\":{\"@id\":\"https:\/\/storeforcesolutions.com\/de\/#\/schema\/logo\/image\/\"}}]}<\/script>\n<!-- \/ Yoast SEO plugin. -->","yoast_head_json":{"title":"StoreForce | Contact Us","description":"Contact us for a one-on-one demo. See how retailers all over the world are driving performance and customer service through our retail operational tools.","robots":{"index":"index","follow":"follow","max-snippet":"max-snippet:-1","max-image-preview":"max-image-preview:large","max-video-preview":"max-video-preview:-1"},"canonical":"https:\/\/storeforcesolutions.com\/de\/kontakt\/","og_locale":"en_US","og_type":"article","og_title":"StoreForce | Contact Us","og_description":"Contact us for a one-on-one demo. See how retailers all over the world are driving performance and customer service through our retail operational tools.","og_url":"https:\/\/storeforcesolutions.com\/de\/kontakt\/","og_site_name":"Storeforce Deutsch","article_modified_time":"2024-01-23T14:53:17+00:00","og_image":[{"url":"https:\/\/storeforcesolutions.com\/de\/wp-content\/uploads\/sites\/8\/2023\/03\/Contact-Us-Web-Banner.jpg","type":"","width":"","height":""}],"twitter_card":"summary_large_image","twitter_misc":{"Est. reading time":"2 minutes"},"schema":{"@context":"https:\/\/schema.org","@graph":[{"@type":"WebPage","@id":"https:\/\/storeforcesolutions.com\/de\/kontakt\/","url":"https:\/\/storeforcesolutions.com\/de\/kontakt\/","name":"StoreForce | Contact Us","isPartOf":{"@id":"https:\/\/storeforcesolutions.com\/de\/#website"},"primaryImageOfPage":{"@id":"https:\/\/storeforcesolutions.com\/de\/kontakt\/#primaryimage"},"image":{"@id":"https:\/\/storeforcesolutions.com\/de\/kontakt\/#primaryimage"},"thumbnailUrl":"https:\/\/storeforcesolutions.com\/de\/wp-content\/uploads\/sites\/8\/2023\/03\/Contact-Us-Web-Banner.jpg","datePublished":"2019-04-10T21:39:33+00:00","dateModified":"2024-01-23T14:53:17+00:00","description":"Contact us for a one-on-one demo. See how retailers all over the world are driving performance and customer service through our retail operational tools.","inLanguage":"en-US","potentialAction":[{"@type":"ReadAction","target":["https:\/\/storeforcesolutions.com\/de\/kontakt\/"]}]},{"@type":"ImageObject","inLanguage":"en-US","@id":"https:\/\/storeforcesolutions.com\/de\/kontakt\/#primaryimage","url":"https:\/\/storeforcesolutions.com\/de\/wp-content\/uploads\/sites\/8\/2023\/03\/Contact-Us-Web-Banner.jpg","contentUrl":"https:\/\/storeforcesolutions.com\/de\/wp-content\/uploads\/sites\/8\/2023\/03\/Contact-Us-Web-Banner.jpg","width":1920,"height":367},{"@type":"WebSite","@id":"https:\/\/storeforcesolutions.com\/de\/#website","url":"https:\/\/storeforcesolutions.com\/de\/","name":"Storeforce Deutsch","description":"","publisher":{"@id":"https:\/\/storeforcesolutions.com\/de\/#organization"},"potentialAction":[{"@type":"SearchAction","target":{"@type":"EntryPoint","urlTemplate":"https:\/\/storeforcesolutions.com\/de\/?s={search_term_string}"},"query-input":{"@type":"PropertyValueSpecification","valueRequired":true,"valueName":"search_term_string"}}],"inLanguage":"en-US"},{"@type":"Organization","@id":"https:\/\/storeforcesolutions.com\/de\/#organization","name":"Storeforce Deutsch","url":"https:\/\/storeforcesolutions.com\/de\/","logo":{"@type":"ImageObject","inLanguage":"en-US","@id":"https:\/\/storeforcesolutions.com\/de\/#\/schema\/logo\/image\/","url":"https:\/\/storeforcesolutions.com\/de\/wp-content\/uploads\/sites\/8\/2022\/05\/i-storeceforce-icon.svg","contentUrl":"https:\/\/storeforcesolutions.com\/de\/wp-content\/uploads\/sites\/8\/2022\/05\/i-storeceforce-icon.svg","width":225,"height":58,"caption":"Storeforce Deutsch"},"image":{"@id":"https:\/\/storeforcesolutions.com\/de\/#\/schema\/logo\/image\/"}}]}},"_links":{"self":[{"href":"https:\/\/storeforcesolutions.com\/de\/wp-json\/wp\/v2\/pages\/161","targetHints":{"allow":["GET"]}}],"collection":[{"href":"https:\/\/storeforcesolutions.com\/de\/wp-json\/wp\/v2\/pages"}],"about":[{"href":"https:\/\/storeforcesolutions.com\/de\/wp-json\/wp\/v2\/types\/page"}],"author":[{"embeddable":true,"href":"https:\/\/storeforcesolutions.com\/de\/wp-json\/wp\/v2\/users\/8"}],"replies":[{"embeddable":true,"href":"https:\/\/storeforcesolutions.com\/de\/wp-json\/wp\/v2\/comments?post=161"}],"version-history":[{"count":7,"href":"https:\/\/storeforcesolutions.com\/de\/wp-json\/wp\/v2\/pages\/161\/revisions"}],"predecessor-version":[{"id":19368,"href":"https:\/\/storeforcesolutions.com\/de\/wp-json\/wp\/v2\/pages\/161\/revisions\/19368"}],"wp:attachment":[{"href":"https:\/\/storeforcesolutions.com\/de\/wp-json\/wp\/v2\/media?parent=161"}],"curies":[{"name":"wp","href":"https:\/\/api.w.org\/{rel}","templated":true}]}}